{"id":13,"date":"2017-06-08T09:16:28","date_gmt":"2017-06-08T11:16:28","guid":{"rendered":"http:\/\/nermeka.lt\/?page_id=13"},"modified":"2023-03-24T10:14:21","modified_gmt":"2023-03-24T12:14:21","slug":"innenausbau-arbeiten","status":"publish","type":"page","link":"https:\/\/hirelabasbau.lt\/de\/","title":{"rendered":"HireLabasBau"},"content":{"rendered":"<h2>Trockenbauarbeiten<\/h2>\n<p>Der Trockenbau ist essenziell bei jedem Bauvorhaben. Verschiedene Bauteile werden vorab aufgebaut, damit die Arbeitsprozesse erleichtert werden k\u00f6nnen. Egal ob Decken, W\u00e4nde oder Fussb\u00f6den, der Trockenbau ist bei jedem Bau, Renovation oder gr\u00f6sseren Reparation nicht wegzudenken.<\/p>\n<h2>Maler- und Tapezierarbeiten<\/h2>\n<p>Schnell und professionell: Genau so sind unsere Malerarbeiten und Tapezierarbeiten. Nicht nur im Neubau, sondern auch beim Renovieren werden Malerarbeiten ben\u00f6tigt. Wir haben f\u00fcr jede Aufgabe in diesem Bereich das passende Werkzeug und k\u00f6nnen qualitative Malerarbeiten liefern.<\/p>\n<h2>Renovieren<\/h2>\n<p>Mit dem Renovieren verschaffen Sie Ihrem Heim einen neuen Glanz. Egal ob Sie das ganze Haus sanieren, das Badezimmer renovieren oder einfach die Treppe sanieren m\u00f6chten \u2013 wenn Sie die Renovation richtig angehen, kann nichts mehr falsch gehen.<\/p>\n<h2>Innenausbau<\/h2>\n<p>Wenn ein Geb\u00e4ude neu errichtet wird, dann ist auch ein Innenausbau n\u00f6tig. Dadurch werden die letzten Feinschliffe f\u00fcr das neue Heim geschaffen. Der Innenausbau umfasst Arbeiten wie: Trockenbau, Putzarbeiten, Malerarbeiten, K\u00fcchenbau etc. Auch das Verlegen von Fussb\u00f6den geh\u00f6rt dazu.<\/p>\n<p>&nbsp;<\/p>\n<p>&nbsp;<\/p>\n<p>&nbsp;<\/p>\n","protected":false},"excerpt":{"rendered":"<p>Trockenbauarbeiten Der Trockenbau ist essenziell bei jedem Bauvorhaben. Verschiedene Bauteile werden vorab aufgebaut, damit die Arbeitsprozesse erleichtert werden k\u00f6nnen. Egal ob Decken, W\u00e4nde oder Fussb\u00f6den, der Trockenbau ist bei jedem Bau, Renovation oder gr\u00f6sseren Reparation nicht wegzudenken. Maler- und Tapezierarbeiten Schnell und professionell: Genau so sind unsere Malerarbeiten und Tapezierarbeiten. Nicht nur im Neubau, sondern [&hellip;]<\/p>\n","protected":false},"author":2,"featured_media":2354,"parent":0,"menu_order":0,"comment_status":"closed","ping_status":"closed","template":"pagrindinis-template.php","meta":{"_acf_changed":false,"footnotes":""},"class_list":["post-13","page","type-page","status-publish","has-post-thumbnail","hentry"],"acf":[],"yoast_head":"<!-- This site is optimized with the Yoast SEO Premium plugin v27.1 (Yoast SEO v27.1.1) - https:\/\/yoast.com\/product\/yoast-seo-premium-wordpress\/ -->\n<title>Innenausbau -Trockenbauarbeiten - Renovieren - Maler - Tapezierarbeiten<\/title>\n<meta name=\"description\" content=\"Innenausbau wird \u00fcberwiegend bei neu errichteten Geb\u00e4uden ben\u00f6tigt. F\u00fcr ein sch\u00f6nes Wohngef\u00fchl ist dies ein wichtiger Grundstein.\" \/>\n<meta name=\"robots\" content=\"index, follow, max-snippet:-1, max-image-preview:large, max-video-preview:-1\" \/>\n<link rel=\"canonical\" href=\"https:\/\/hirelabasbau.lt\/de\/\" \/>\n<meta property=\"og:locale\" content=\"en_US\" \/>\n<meta property=\"og:type\" content=\"article\" \/>\n<meta property=\"og:title\" content=\"HireLabasBau\" \/>\n<meta property=\"og:description\" content=\"Innenausbau wird \u00fcberwiegend bei neu errichteten Geb\u00e4uden ben\u00f6tigt. F\u00fcr ein sch\u00f6nes Wohngef\u00fchl ist dies ein wichtiger Grundstein.\" \/>\n<meta property=\"og:url\" content=\"https:\/\/hirelabasbau.lt\/de\/\" \/>\n<meta property=\"og:site_name\" content=\"HireLabasBau DE\" \/>\n<meta property=\"article:modified_time\" content=\"2023-03-24T12:14:21+00:00\" \/>\n<meta property=\"og:image\" content=\"https:\/\/hirelabasbau.lt\/de\/wp-content\/uploads\/sites\/101\/2018\/07\/Mitarbeiter.jpg\" \/>\n<meta name=\"twitter:card\" content=\"summary_large_image\" \/>\n<meta name=\"twitter:label1\" content=\"Est. reading time\" \/>\n\t<meta name=\"twitter:data1\" content=\"1 minute\" \/>\n<script type=\"application\/ld+json\" class=\"yoast-schema-graph\">{\"@context\":\"https:\/\/schema.org\",\"@graph\":[{\"@type\":\"WebPage\",\"@id\":\"https:\/\/hirelabasbau.lt\/de\/\",\"url\":\"https:\/\/hirelabasbau.lt\/de\/\",\"name\":\"Innenausbau -Trockenbauarbeiten - Renovieren - Maler - Tapezierarbeiten\",\"isPartOf\":{\"@id\":\"https:\/\/hirelabasbau.lt\/de\/#website\"},\"primaryImageOfPage\":{\"@id\":\"https:\/\/hirelabasbau.lt\/de\/#primaryimage\"},\"image\":{\"@id\":\"https:\/\/hirelabasbau.lt\/de\/#primaryimage\"},\"thumbnailUrl\":\"https:\/\/hirelabasbau.lt\/de\/wp-content\/uploads\/sites\/101\/2020\/11\/Required-Size.jpg\",\"datePublished\":\"2017-06-08T11:16:28+00:00\",\"dateModified\":\"2023-03-24T12:14:21+00:00\",\"description\":\"Innenausbau wird \u00fcberwiegend bei neu errichteten Geb\u00e4uden ben\u00f6tigt. F\u00fcr ein sch\u00f6nes Wohngef\u00fchl ist dies ein wichtiger Grundstein.\",\"inLanguage\":\"en-US\",\"potentialAction\":[{\"@type\":\"ReadAction\",\"target\":[\"https:\/\/hirelabasbau.lt\/de\/\"]}]},{\"@type\":\"ImageObject\",\"inLanguage\":\"en-US\",\"@id\":\"https:\/\/hirelabasbau.lt\/de\/#primaryimage\",\"url\":\"https:\/\/hirelabasbau.lt\/de\/wp-content\/uploads\/sites\/101\/2020\/11\/Required-Size.jpg\",\"contentUrl\":\"https:\/\/hirelabasbau.lt\/de\/wp-content\/uploads\/sites\/101\/2020\/11\/Required-Size.jpg\",\"width\":1853,\"height\":1256},{\"@type\":\"WebSite\",\"@id\":\"https:\/\/hirelabasbau.lt\/de\/#website\",\"url\":\"https:\/\/hirelabasbau.lt\/de\/\",\"name\":\"HireLabasBau DE\",\"description\":\"Innenarbeiten-Trockenbau-Maler\",\"publisher\":{\"@id\":\"https:\/\/hirelabasbau.lt\/de\/#organization\"},\"potentialAction\":[{\"@type\":\"SearchAction\",\"target\":{\"@type\":\"EntryPoint\",\"urlTemplate\":\"https:\/\/hirelabasbau.lt\/de\/?s={search_term_string}\"},\"query-input\":{\"@type\":\"PropertyValueSpecification\",\"valueRequired\":true,\"valueName\":\"search_term_string\"}}],\"inLanguage\":\"en-US\"},{\"@type\":\"Organization\",\"@id\":\"https:\/\/hirelabasbau.lt\/de\/#organization\",\"name\":\"HireLabasBau DE\",\"url\":\"https:\/\/hirelabasbau.lt\/de\/\",\"logo\":{\"@type\":\"ImageObject\",\"inLanguage\":\"en-US\",\"@id\":\"https:\/\/hirelabasbau.lt\/de\/#\/schema\/logo\/image\/\",\"url\":\"https:\/\/hirelabasbau.lt\/de\/wp-content\/uploads\/sites\/101\/2020\/10\/cropped-Smaller-1-1.png\",\"contentUrl\":\"https:\/\/hirelabasbau.lt\/de\/wp-content\/uploads\/sites\/101\/2020\/10\/cropped-Smaller-1-1.png\",\"width\":474,\"height\":319,\"caption\":\"HireLabasBau DE\"},\"image\":{\"@id\":\"https:\/\/hirelabasbau.lt\/de\/#\/schema\/logo\/image\/\"}}]}<\/script>\n<!-- \/ Yoast SEO Premium plugin. -->","yoast_head_json":{"title":"Innenausbau -Trockenbauarbeiten - Renovieren - Maler - Tapezierarbeiten","description":"Innenausbau wird \u00fcberwiegend bei neu errichteten Geb\u00e4uden ben\u00f6tigt. F\u00fcr ein sch\u00f6nes Wohngef\u00fchl ist dies ein wichtiger Grundstein.","robots":{"index":"index","follow":"follow","max-snippet":"max-snippet:-1","max-image-preview":"max-image-preview:large","max-video-preview":"max-video-preview:-1"},"canonical":"https:\/\/hirelabasbau.lt\/de\/","og_locale":"en_US","og_type":"article","og_title":"HireLabasBau","og_description":"Innenausbau wird \u00fcberwiegend bei neu errichteten Geb\u00e4uden ben\u00f6tigt. F\u00fcr ein sch\u00f6nes Wohngef\u00fchl ist dies ein wichtiger Grundstein.","og_url":"https:\/\/hirelabasbau.lt\/de\/","og_site_name":"HireLabasBau DE","article_modified_time":"2023-03-24T12:14:21+00:00","og_image":[{"url":"https:\/\/hirelabasbau.lt\/de\/wp-content\/uploads\/sites\/101\/2018\/07\/Mitarbeiter.jpg","type":"","width":"","height":""}],"twitter_card":"summary_large_image","twitter_misc":{"Est. reading time":"1 minute"},"schema":{"@context":"https:\/\/schema.org","@graph":[{"@type":"WebPage","@id":"https:\/\/hirelabasbau.lt\/de\/","url":"https:\/\/hirelabasbau.lt\/de\/","name":"Innenausbau -Trockenbauarbeiten - Renovieren - Maler - Tapezierarbeiten","isPartOf":{"@id":"https:\/\/hirelabasbau.lt\/de\/#website"},"primaryImageOfPage":{"@id":"https:\/\/hirelabasbau.lt\/de\/#primaryimage"},"image":{"@id":"https:\/\/hirelabasbau.lt\/de\/#primaryimage"},"thumbnailUrl":"https:\/\/hirelabasbau.lt\/de\/wp-content\/uploads\/sites\/101\/2020\/11\/Required-Size.jpg","datePublished":"2017-06-08T11:16:28+00:00","dateModified":"2023-03-24T12:14:21+00:00","description":"Innenausbau wird \u00fcberwiegend bei neu errichteten Geb\u00e4uden ben\u00f6tigt. F\u00fcr ein sch\u00f6nes Wohngef\u00fchl ist dies ein wichtiger Grundstein.","inLanguage":"en-US","potentialAction":[{"@type":"ReadAction","target":["https:\/\/hirelabasbau.lt\/de\/"]}]},{"@type":"ImageObject","inLanguage":"en-US","@id":"https:\/\/hirelabasbau.lt\/de\/#primaryimage","url":"https:\/\/hirelabasbau.lt\/de\/wp-content\/uploads\/sites\/101\/2020\/11\/Required-Size.jpg","contentUrl":"https:\/\/hirelabasbau.lt\/de\/wp-content\/uploads\/sites\/101\/2020\/11\/Required-Size.jpg","width":1853,"height":1256},{"@type":"WebSite","@id":"https:\/\/hirelabasbau.lt\/de\/#website","url":"https:\/\/hirelabasbau.lt\/de\/","name":"HireLabasBau DE","description":"Innenarbeiten-Trockenbau-Maler","publisher":{"@id":"https:\/\/hirelabasbau.lt\/de\/#organization"},"potentialAction":[{"@type":"SearchAction","target":{"@type":"EntryPoint","urlTemplate":"https:\/\/hirelabasbau.lt\/de\/?s={search_term_string}"},"query-input":{"@type":"PropertyValueSpecification","valueRequired":true,"valueName":"search_term_string"}}],"inLanguage":"en-US"},{"@type":"Organization","@id":"https:\/\/hirelabasbau.lt\/de\/#organization","name":"HireLabasBau DE","url":"https:\/\/hirelabasbau.lt\/de\/","logo":{"@type":"ImageObject","inLanguage":"en-US","@id":"https:\/\/hirelabasbau.lt\/de\/#\/schema\/logo\/image\/","url":"https:\/\/hirelabasbau.lt\/de\/wp-content\/uploads\/sites\/101\/2020\/10\/cropped-Smaller-1-1.png","contentUrl":"https:\/\/hirelabasbau.lt\/de\/wp-content\/uploads\/sites\/101\/2020\/10\/cropped-Smaller-1-1.png","width":474,"height":319,"caption":"HireLabasBau DE"},"image":{"@id":"https:\/\/hirelabasbau.lt\/de\/#\/schema\/logo\/image\/"}}]}},"_links":{"self":[{"href":"https:\/\/hirelabasbau.lt\/de\/wp-json\/wp\/v2\/pages\/13","targetHints":{"allow":["GET"]}}],"collection":[{"href":"https:\/\/hirelabasbau.lt\/de\/wp-json\/wp\/v2\/pages"}],"about":[{"href":"https:\/\/hirelabasbau.lt\/de\/wp-json\/wp\/v2\/types\/page"}],"author":[{"embeddable":true,"href":"https:\/\/hirelabasbau.lt\/de\/wp-json\/wp\/v2\/users\/2"}],"replies":[{"embeddable":true,"href":"https:\/\/hirelabasbau.lt\/de\/wp-json\/wp\/v2\/comments?post=13"}],"version-history":[{"count":85,"href":"https:\/\/hirelabasbau.lt\/de\/wp-json\/wp\/v2\/pages\/13\/revisions"}],"predecessor-version":[{"id":2859,"href":"https:\/\/hirelabasbau.lt\/de\/wp-json\/wp\/v2\/pages\/13\/revisions\/2859"}],"wp:featuredmedia":[{"embeddable":true,"href":"https:\/\/hirelabasbau.lt\/de\/wp-json\/wp\/v2\/media\/2354"}],"wp:attachment":[{"href":"https:\/\/hirelabasbau.lt\/de\/wp-json\/wp\/v2\/media?parent=13"}],"curies":[{"name":"wp","href":"https:\/\/api.w.org\/{rel}","templated":true}]}}