{"id":19,"date":"2017-06-12T09:31:53","date_gmt":"2017-06-12T11:31:53","guid":{"rendered":"http:\/\/nermeka.lt\/?page_id=19"},"modified":"2020-11-08T12:26:12","modified_gmt":"2020-11-08T14:26:12","slug":"uber-uns","status":"publish","type":"page","link":"https:\/\/hirelabasbau.lt\/de\/uber-uns\/","title":{"rendered":"\u00dcber uns"},"content":{"rendered":"<h4 style=\"text-align: left;\"><a href=\"https:\/\/hirelabasbau.lt\/de\/\"><strong>HireLabasBau<\/strong><\/a><\/h4>\n<p><strong>Unser Angebot ist sehr breit.<\/strong> Dies wollten wir von Anfang an schon unseren Kunden anbieten. Deshalb haben wir schon bei der Unternehmensgr\u00fcndung fest verankert, dass wir bei allen unseren Dienstleistungen unseren Kunden stets zur Seite stehen m\u00f6chten. Gerade bei Arbeiten wie dem Trockenbau, unserem Kerngebiet.<\/p>\n<p>Wenn man einige unserer Dienstleistungen aufz\u00e4hlt, dann sieht man schnell, dass wir ein breites Kundenfeld bedienen k\u00f6nnen \u2013 was uns nat\u00fcrlich zu einem absoluten Spitzenreiter in der Branche macht.<\/p>\n<ul>\n<li>Trockenbauarbeiten<\/li>\n<li>Wohnung Sanierungen, Bad Sanierungen, Treppen Sanierungen<\/li>\n<li>Renovieren<\/li>\n<li>Treppe abschleifen<\/li>\n<li>Malervlies tapezieren (Tapezierarbeiten)<\/li>\n<li>Innenausbau<\/li>\n<li>Und vieles mehr!<\/li>\n<\/ul>\n<h3><strong>Wir machen Ihre Tr\u00e4ume wahr<\/strong><\/h3>\n<p>Gerade als Trockenbauarbeiten und Renovierer ist es uns wichtig, dass die Standards der Kunden erf\u00fcllt werden. Egal welchen Traum Sie beim Hausbau oder einer Renovierung haben \u2013 wir m\u00f6chten Ihnen diesen Traum erf\u00fcllen. Egal ob moderne Renovierungen oder Sanierungen von \u00e4lteren Bauten, als Ihr Profi k\u00f6nnen wir Ihnen bei jeder Angelegenheit helfen \u2013 was auch fest als Ziel in unserer Vision verankert ist.<\/p>\n<p>Schon die kleinsten Sanierungen und Ausbesserungen werden durch die Arbeit unserer Fachpersonen 10 Mal besser aussehen. Dies gilt nat\u00fcrlich auch bei der Preisgestaltung, welche wir uns zu Herzen genommen haben. Somit k\u00f6nnen wir stets die beten Preise f\u00fcr unsere Kunden zusammenstellen.<\/p>\n<h3><strong>Grosse Erfahrung &amp; Professionelles Team<\/strong><\/h3>\n<p>Durch unsere jahrelange Erfahrung und unser angeeignetes Fachwissen k\u00f6nnen wir sowohl Privatpersonen als auch Firmen dabei helfen, alle m\u00f6glichen Arbeiten im Trockenausbau, Sanierungen und Renovationen zu erm\u00f6glichen. Auch der Innenausbau gewisser Komponente wie K\u00fcchen, R\u00e4ume, Decken und W\u00e4nde ist fest in unserem Angebot.<\/p>\n<p>Kombiniert man all diese Dinge, haben Sie den perfekten Partner f\u00fcr Ihr n\u00e4chstes Projekt. Gerne besuchen wir Sie pers\u00f6nlich oder auf der Baustelle vorab, damit alles genaustens besprochen werden kann und ein seri\u00f6ses Projekt ausgearbeitet werden kann. Wir freuen uns jetzt schon auf Ihr Vertrauen und Ihre Kontaktaufnahme.<\/p>\n<p><a href=\"https:\/\/hirelabasbau.lt\/de\/fur-unternehmen\/\">F\u00dcR UNTERNEHMEN<\/a><\/p>\n<p>&nbsp;<\/p>\n","protected":false},"excerpt":{"rendered":"<p>HireLabasBau Unser Angebot ist sehr breit. Dies wollten wir von Anfang an schon unseren Kunden anbieten. Deshalb haben wir schon bei der Unternehmensgr\u00fcndung fest verankert, dass wir bei allen unseren Dienstleistungen unseren Kunden stets zur Seite stehen m\u00f6chten. Gerade bei Arbeiten wie dem Trockenbau, unserem Kerngebiet. Wenn man einige unserer Dienstleistungen aufz\u00e4hlt, dann sieht man [&hellip;]<\/p>\n","protected":false},"author":2,"featured_media":2134,"parent":0,"menu_order":0,"comment_status":"closed","ping_status":"closed","template":"apie-mus-full-template.php","meta":{"_acf_changed":false,"footnotes":""},"class_list":["post-19","page","type-page","status-publish","has-post-thumbnail","hentry"],"acf":[],"yoast_head":"<!-- This site is optimized with the Yoast SEO Premium plugin v27.1 (Yoast SEO v27.1.1) - https:\/\/yoast.com\/product\/yoast-seo-premium-wordpress\/ -->\n<title>HireLabasBau DE - Ihr Spezialist f\u00fcr Wohnung Sanierungen, Bad Sanierungen<\/title>\n<meta name=\"description\" content=\"HireLabasBau DE - Mit uns haben Sie den richtigen Ansprechpartner, wenn es um Ihre Arbeiten im Bereich des Trockenbau geht Wohnung Sanierungen\" \/>\n<meta name=\"robots\" content=\"index, follow, max-snippet:-1, max-image-preview:large, max-video-preview:-1\" \/>\n<link rel=\"canonical\" href=\"https:\/\/hirelabasbau.lt\/de\/uber-uns\/\" \/>\n<meta property=\"og:locale\" content=\"en_US\" \/>\n<meta property=\"og:type\" content=\"article\" \/>\n<meta property=\"og:title\" content=\"\u00dcber uns\" \/>\n<meta property=\"og:description\" content=\"HireLabasBau DE - Mit uns haben Sie den richtigen Ansprechpartner, wenn es um Ihre Arbeiten im Bereich des Trockenbau geht Wohnung Sanierungen\" \/>\n<meta property=\"og:url\" content=\"https:\/\/hirelabasbau.lt\/de\/uber-uns\/\" \/>\n<meta property=\"og:site_name\" content=\"HireLabasBau DE\" \/>\n<meta property=\"article:modified_time\" content=\"2020-11-08T14:26:12+00:00\" \/>\n<meta property=\"og:image\" content=\"https:\/\/hirelabasbau.lt\/de\/wp-content\/uploads\/sites\/101\/2020\/10\/rsz_depositphotos_21833071_s-2019.jpg\" \/>\n\t<meta property=\"og:image:width\" content=\"500\" \/>\n\t<meta property=\"og:image:height\" content=\"334\" \/>\n\t<meta property=\"og:image:type\" content=\"image\/jpeg\" \/>\n<meta name=\"twitter:card\" content=\"summary_large_image\" \/>\n<meta name=\"twitter:label1\" content=\"Est. reading time\" \/>\n\t<meta name=\"twitter:data1\" content=\"2 minutes\" \/>\n<script type=\"application\/ld+json\" class=\"yoast-schema-graph\">{\"@context\":\"https:\/\/schema.org\",\"@graph\":[{\"@type\":\"WebPage\",\"@id\":\"https:\/\/hirelabasbau.lt\/de\/uber-uns\/\",\"url\":\"https:\/\/hirelabasbau.lt\/de\/uber-uns\/\",\"name\":\"HireLabasBau DE - Ihr Spezialist f\u00fcr Wohnung Sanierungen, Bad Sanierungen\",\"isPartOf\":{\"@id\":\"https:\/\/hirelabasbau.lt\/de\/#website\"},\"primaryImageOfPage\":{\"@id\":\"https:\/\/hirelabasbau.lt\/de\/uber-uns\/#primaryimage\"},\"image\":{\"@id\":\"https:\/\/hirelabasbau.lt\/de\/uber-uns\/#primaryimage\"},\"thumbnailUrl\":\"https:\/\/hirelabasbau.lt\/de\/wp-content\/uploads\/sites\/101\/2020\/10\/rsz_depositphotos_88061548_s-2019.jpg\",\"datePublished\":\"2017-06-12T11:31:53+00:00\",\"dateModified\":\"2020-11-08T14:26:12+00:00\",\"description\":\"HireLabasBau DE - Mit uns haben Sie den richtigen Ansprechpartner, wenn es um Ihre Arbeiten im Bereich des Trockenbau geht Wohnung Sanierungen\",\"inLanguage\":\"en-US\",\"potentialAction\":[{\"@type\":\"ReadAction\",\"target\":[\"https:\/\/hirelabasbau.lt\/de\/uber-uns\/\"]}]},{\"@type\":\"ImageObject\",\"inLanguage\":\"en-US\",\"@id\":\"https:\/\/hirelabasbau.lt\/de\/uber-uns\/#primaryimage\",\"url\":\"https:\/\/hirelabasbau.lt\/de\/wp-content\/uploads\/sites\/101\/2020\/10\/rsz_depositphotos_88061548_s-2019.jpg\",\"contentUrl\":\"https:\/\/hirelabasbau.lt\/de\/wp-content\/uploads\/sites\/101\/2020\/10\/rsz_depositphotos_88061548_s-2019.jpg\",\"width\":500,\"height\":375},{\"@type\":\"WebSite\",\"@id\":\"https:\/\/hirelabasbau.lt\/de\/#website\",\"url\":\"https:\/\/hirelabasbau.lt\/de\/\",\"name\":\"HireLabasBau DE\",\"description\":\"Innenarbeiten-Trockenbau-Maler\",\"publisher\":{\"@id\":\"https:\/\/hirelabasbau.lt\/de\/#organization\"},\"potentialAction\":[{\"@type\":\"SearchAction\",\"target\":{\"@type\":\"EntryPoint\",\"urlTemplate\":\"https:\/\/hirelabasbau.lt\/de\/?s={search_term_string}\"},\"query-input\":{\"@type\":\"PropertyValueSpecification\",\"valueRequired\":true,\"valueName\":\"search_term_string\"}}],\"inLanguage\":\"en-US\"},{\"@type\":\"Organization\",\"@id\":\"https:\/\/hirelabasbau.lt\/de\/#organization\",\"name\":\"HireLabasBau DE\",\"url\":\"https:\/\/hirelabasbau.lt\/de\/\",\"logo\":{\"@type\":\"ImageObject\",\"inLanguage\":\"en-US\",\"@id\":\"https:\/\/hirelabasbau.lt\/de\/#\/schema\/logo\/image\/\",\"url\":\"https:\/\/hirelabasbau.lt\/de\/wp-content\/uploads\/sites\/101\/2020\/10\/cropped-Smaller-1-1.png\",\"contentUrl\":\"https:\/\/hirelabasbau.lt\/de\/wp-content\/uploads\/sites\/101\/2020\/10\/cropped-Smaller-1-1.png\",\"width\":474,\"height\":319,\"caption\":\"HireLabasBau DE\"},\"image\":{\"@id\":\"https:\/\/hirelabasbau.lt\/de\/#\/schema\/logo\/image\/\"}}]}<\/script>\n<!-- \/ Yoast SEO Premium plugin. -->","yoast_head_json":{"title":"HireLabasBau DE - Ihr Spezialist f\u00fcr Wohnung Sanierungen, Bad Sanierungen","description":"HireLabasBau DE - Mit uns haben Sie den richtigen Ansprechpartner, wenn es um Ihre Arbeiten im Bereich des Trockenbau geht Wohnung Sanierungen","robots":{"index":"index","follow":"follow","max-snippet":"max-snippet:-1","max-image-preview":"max-image-preview:large","max-video-preview":"max-video-preview:-1"},"canonical":"https:\/\/hirelabasbau.lt\/de\/uber-uns\/","og_locale":"en_US","og_type":"article","og_title":"\u00dcber uns","og_description":"HireLabasBau DE - Mit uns haben Sie den richtigen Ansprechpartner, wenn es um Ihre Arbeiten im Bereich des Trockenbau geht Wohnung Sanierungen","og_url":"https:\/\/hirelabasbau.lt\/de\/uber-uns\/","og_site_name":"HireLabasBau DE","article_modified_time":"2020-11-08T14:26:12+00:00","og_image":[{"width":500,"height":334,"url":"https:\/\/hirelabasbau.lt\/de\/wp-content\/uploads\/sites\/101\/2020\/10\/rsz_depositphotos_21833071_s-2019.jpg","type":"image\/jpeg"}],"twitter_card":"summary_large_image","twitter_misc":{"Est. reading time":"2 minutes"},"schema":{"@context":"https:\/\/schema.org","@graph":[{"@type":"WebPage","@id":"https:\/\/hirelabasbau.lt\/de\/uber-uns\/","url":"https:\/\/hirelabasbau.lt\/de\/uber-uns\/","name":"HireLabasBau DE - Ihr Spezialist f\u00fcr Wohnung Sanierungen, Bad Sanierungen","isPartOf":{"@id":"https:\/\/hirelabasbau.lt\/de\/#website"},"primaryImageOfPage":{"@id":"https:\/\/hirelabasbau.lt\/de\/uber-uns\/#primaryimage"},"image":{"@id":"https:\/\/hirelabasbau.lt\/de\/uber-uns\/#primaryimage"},"thumbnailUrl":"https:\/\/hirelabasbau.lt\/de\/wp-content\/uploads\/sites\/101\/2020\/10\/rsz_depositphotos_88061548_s-2019.jpg","datePublished":"2017-06-12T11:31:53+00:00","dateModified":"2020-11-08T14:26:12+00:00","description":"HireLabasBau DE - Mit uns haben Sie den richtigen Ansprechpartner, wenn es um Ihre Arbeiten im Bereich des Trockenbau geht Wohnung Sanierungen","inLanguage":"en-US","potentialAction":[{"@type":"ReadAction","target":["https:\/\/hirelabasbau.lt\/de\/uber-uns\/"]}]},{"@type":"ImageObject","inLanguage":"en-US","@id":"https:\/\/hirelabasbau.lt\/de\/uber-uns\/#primaryimage","url":"https:\/\/hirelabasbau.lt\/de\/wp-content\/uploads\/sites\/101\/2020\/10\/rsz_depositphotos_88061548_s-2019.jpg","contentUrl":"https:\/\/hirelabasbau.lt\/de\/wp-content\/uploads\/sites\/101\/2020\/10\/rsz_depositphotos_88061548_s-2019.jpg","width":500,"height":375},{"@type":"WebSite","@id":"https:\/\/hirelabasbau.lt\/de\/#website","url":"https:\/\/hirelabasbau.lt\/de\/","name":"HireLabasBau DE","description":"Innenarbeiten-Trockenbau-Maler","publisher":{"@id":"https:\/\/hirelabasbau.lt\/de\/#organization"},"potentialAction":[{"@type":"SearchAction","target":{"@type":"EntryPoint","urlTemplate":"https:\/\/hirelabasbau.lt\/de\/?s={search_term_string}"},"query-input":{"@type":"PropertyValueSpecification","valueRequired":true,"valueName":"search_term_string"}}],"inLanguage":"en-US"},{"@type":"Organization","@id":"https:\/\/hirelabasbau.lt\/de\/#organization","name":"HireLabasBau DE","url":"https:\/\/hirelabasbau.lt\/de\/","logo":{"@type":"ImageObject","inLanguage":"en-US","@id":"https:\/\/hirelabasbau.lt\/de\/#\/schema\/logo\/image\/","url":"https:\/\/hirelabasbau.lt\/de\/wp-content\/uploads\/sites\/101\/2020\/10\/cropped-Smaller-1-1.png","contentUrl":"https:\/\/hirelabasbau.lt\/de\/wp-content\/uploads\/sites\/101\/2020\/10\/cropped-Smaller-1-1.png","width":474,"height":319,"caption":"HireLabasBau DE"},"image":{"@id":"https:\/\/hirelabasbau.lt\/de\/#\/schema\/logo\/image\/"}}]}},"_links":{"self":[{"href":"https:\/\/hirelabasbau.lt\/de\/wp-json\/wp\/v2\/pages\/19","targetHints":{"allow":["GET"]}}],"collection":[{"href":"https:\/\/hirelabasbau.lt\/de\/wp-json\/wp\/v2\/pages"}],"about":[{"href":"https:\/\/hirelabasbau.lt\/de\/wp-json\/wp\/v2\/types\/page"}],"author":[{"embeddable":true,"href":"https:\/\/hirelabasbau.lt\/de\/wp-json\/wp\/v2\/users\/2"}],"replies":[{"embeddable":true,"href":"https:\/\/hirelabasbau.lt\/de\/wp-json\/wp\/v2\/comments?post=19"}],"version-history":[{"count":44,"href":"https:\/\/hirelabasbau.lt\/de\/wp-json\/wp\/v2\/pages\/19\/revisions"}],"predecessor-version":[{"id":2262,"href":"https:\/\/hirelabasbau.lt\/de\/wp-json\/wp\/v2\/pages\/19\/revisions\/2262"}],"wp:featuredmedia":[{"embeddable":true,"href":"https:\/\/hirelabasbau.lt\/de\/wp-json\/wp\/v2\/media\/2134"}],"wp:attachment":[{"href":"https:\/\/hirelabasbau.lt\/de\/wp-json\/wp\/v2\/media?parent=19"}],"curies":[{"name":"wp","href":"https:\/\/api.w.org\/{rel}","templated":true}]}}