{"id":2266,"date":"2020-11-08T07:24:19","date_gmt":"2020-11-08T09:24:19","guid":{"rendered":"https:\/\/hirelabasbau.lt\/de\/?page_id=2266"},"modified":"2023-11-13T09:41:24","modified_gmt":"2023-11-13T11:41:24","slug":"unsere-arbeiten-2","status":"publish","type":"page","link":"https:\/\/hirelabasbau.lt\/de\/unsere-arbeiten-2\/","title":{"rendered":"UNSERE ARBEITEN"},"content":{"rendered":"<h2><strong>Renovieren muss nicht teuer sein<\/strong><\/h2>\n<p>F\u00fcr uns gilt: Nur ein zufriedener Kunde, ist ein guter Kunde. Deshalb bieten wir die gleiche Leistung zu einem geringeren Kostenpreis an.<\/p>\n<p>Wir h\u00f6ren immer wieder Fragen wie: Was kostet das Badezimmer sanieren? Auch Fragen zu den Malerarbeiten Kosten, Sanier Kosten oder auch die Kosten f\u00fcr das Wohnung streichen.<\/p>\n<p>Sollten Sie explizit eine Frage zu diesen Themen haben, dann k\u00f6nnen Sie uns gerne kontaktieren, damit wir die beste L\u00f6sung f\u00fcr Sie ausarbeiten k\u00f6nnen.<\/p>\n<h4>Wir garantieren eine 100% Zufriedenheit durch unsere Arbeiten.<\/h4>\n<h3><strong>Renovieren<\/strong><\/h3>\n<p>Eine Renovierung vorzunehmen macht in vielen F\u00e4llen Sinn, wenn die Wohnanlage schon etwas \u00e4lter ist.<\/p>\n<p>Bei der Renovierung handelt es sich um die Erneuerung oder Versch\u00f6nerung innerhalb einer Wohnung oder eines Hauses \u2013 auch Firmengeb\u00e4ude k\u00f6nnen renoviert werden. Die Renovation bedeutet aber nicht immer, dass auch alles renoviert wird, oft kann man auch nur einzelne Abschnitte renovieren.<\/p>\n<p>Ob Sie nun das Bad renovieren, das Haus renovieren oder eine Treppen Renovierung vornehmen \u2013 auf eine professionelle Durchf\u00fchrung darf man nicht verzichten.<\/p>\n<h4>Wenn Sie das Aussehen Ihres Wohnraumes nachhaltig renovieren m\u00f6chten, dann lohnt es sich, ein professionelles Handwerker Team, welches geschult f\u00fcr diese Aufgabe ist, beizuziehen.<\/h4>\n<p>Auch wenn man nur die Treppenstufen renovieren oder die K\u00fcche renovieren m\u00f6chte, sollte man dabei nicht in die Kostenfalle tappen. Manche deutsche Handwerker k\u00f6nnen in diesem Fall extrem teuer werden, so dass Sie sich am Schluss mehr \u00fcber die Kosten aufregen, als Freude \u00fcber das renovierte Haus haben.<\/p>\n<p>Aus diesem Grund sollte Sie dar\u00fcber nachdenken, professionelles Personal zum Renovieren aus dem Ausland \u2013 Litauen \u2013 beizuziehen. Wir helfen Ihnen dabei das richtige Personal f\u00fcr die Renovationsaufgaben zu finden, ohne dass Sie daf\u00fcr ein Verm\u00f6gen bezahlen m\u00fcssen.<\/p>\n<h5>Diese erledigen dann die Aufgaben effizient und seri\u00f6s, wie bei jedem anderen Profi auch \u2013 ohne die teuren Extrakosten, die dabei entstehen k\u00f6nnen. Somit haben Sie mehr Geld, um andere Arbeiten an Ihrem Haus wie Sanierungen oder Malerarbeiten durchzuf\u00fchren.<\/h5>\n","protected":false},"excerpt":{"rendered":"<p>Renovieren muss nicht teuer sein F\u00fcr uns gilt: Nur ein zufriedener Kunde, ist ein guter Kunde. Deshalb bieten wir die gleiche Leistung zu einem geringeren Kostenpreis an. Wir h\u00f6ren immer wieder Fragen wie: Was kostet das Badezimmer sanieren? Auch Fragen zu den Malerarbeiten Kosten, Sanier Kosten oder auch die Kosten f\u00fcr das Wohnung streichen. Sollten [&hellip;]<\/p>\n","protected":false},"author":2,"featured_media":2326,"parent":0,"menu_order":0,"comment_status":"closed","ping_status":"closed","template":"darbdaviams-template-without-image.php","meta":{"_acf_changed":false,"footnotes":""},"class_list":["post-2266","page","type-page","status-publish","has-post-thumbnail","hentry"],"acf":[],"yoast_head":"<!-- This site is optimized with the Yoast SEO Premium plugin v27.1 (Yoast SEO v27.1.1) - https:\/\/yoast.com\/product\/yoast-seo-premium-wordpress\/ -->\n<title>Renovieren - Renovierungsarbeiten - UNSERE ARBEITEN - HireLabasBau DE<\/title>\n<meta name=\"description\" content=\"Hotel renovieren - Bad renovieren - Treppe renovierung - Haus renovieren - Top Qualit\u00e4t bei jedem Bauvorhaben \u2013 zu einem g\u00fcnstigen Preis.\" \/>\n<meta name=\"robots\" content=\"index, follow, max-snippet:-1, max-image-preview:large, max-video-preview:-1\" \/>\n<link rel=\"canonical\" href=\"https:\/\/hirelabasbau.lt\/de\/unsere-arbeiten-2\/\" \/>\n<meta property=\"og:locale\" content=\"en_US\" \/>\n<meta property=\"og:type\" content=\"article\" \/>\n<meta property=\"og:title\" content=\"UNSERE ARBEITEN\" \/>\n<meta property=\"og:description\" content=\"Hotel renovieren - Bad renovieren - Treppe renovierung - Haus renovieren - Top Qualit\u00e4t bei jedem Bauvorhaben \u2013 zu einem g\u00fcnstigen Preis.\" \/>\n<meta property=\"og:url\" content=\"https:\/\/hirelabasbau.lt\/de\/unsere-arbeiten-2\/\" \/>\n<meta property=\"og:site_name\" content=\"HireLabasBau DE\" \/>\n<meta property=\"article:modified_time\" content=\"2023-11-13T11:41:24+00:00\" \/>\n<meta property=\"og:image\" content=\"https:\/\/hirelabasbau.lt\/de\/wp-content\/uploads\/sites\/101\/2020\/11\/258488054.jpg\" \/>\n\t<meta property=\"og:image:width\" content=\"1280\" \/>\n\t<meta property=\"og:image:height\" content=\"853\" \/>\n\t<meta property=\"og:image:type\" content=\"image\/jpeg\" \/>\n<meta name=\"twitter:card\" content=\"summary_large_image\" \/>\n<meta name=\"twitter:label1\" content=\"Est. reading time\" \/>\n\t<meta name=\"twitter:data1\" content=\"2 minutes\" \/>\n<script type=\"application\/ld+json\" class=\"yoast-schema-graph\">{\"@context\":\"https:\/\/schema.org\",\"@graph\":[{\"@type\":\"WebPage\",\"@id\":\"https:\/\/hirelabasbau.lt\/de\/unsere-arbeiten-2\/\",\"url\":\"https:\/\/hirelabasbau.lt\/de\/unsere-arbeiten-2\/\",\"name\":\"Renovieren - Renovierungsarbeiten - UNSERE ARBEITEN - HireLabasBau DE\",\"isPartOf\":{\"@id\":\"https:\/\/hirelabasbau.lt\/de\/#website\"},\"primaryImageOfPage\":{\"@id\":\"https:\/\/hirelabasbau.lt\/de\/unsere-arbeiten-2\/#primaryimage\"},\"image\":{\"@id\":\"https:\/\/hirelabasbau.lt\/de\/unsere-arbeiten-2\/#primaryimage\"},\"thumbnailUrl\":\"https:\/\/hirelabasbau.lt\/de\/wp-content\/uploads\/sites\/101\/2020\/11\/258488054.jpg\",\"datePublished\":\"2020-11-08T09:24:19+00:00\",\"dateModified\":\"2023-11-13T11:41:24+00:00\",\"description\":\"Hotel renovieren - Bad renovieren - Treppe renovierung - Haus renovieren - Top Qualit\u00e4t bei jedem Bauvorhaben \u2013 zu einem g\u00fcnstigen Preis.\",\"inLanguage\":\"en-US\",\"potentialAction\":[{\"@type\":\"ReadAction\",\"target\":[\"https:\/\/hirelabasbau.lt\/de\/unsere-arbeiten-2\/\"]}]},{\"@type\":\"ImageObject\",\"inLanguage\":\"en-US\",\"@id\":\"https:\/\/hirelabasbau.lt\/de\/unsere-arbeiten-2\/#primaryimage\",\"url\":\"https:\/\/hirelabasbau.lt\/de\/wp-content\/uploads\/sites\/101\/2020\/11\/258488054.jpg\",\"contentUrl\":\"https:\/\/hirelabasbau.lt\/de\/wp-content\/uploads\/sites\/101\/2020\/11\/258488054.jpg\",\"width\":1280,\"height\":853},{\"@type\":\"WebSite\",\"@id\":\"https:\/\/hirelabasbau.lt\/de\/#website\",\"url\":\"https:\/\/hirelabasbau.lt\/de\/\",\"name\":\"HireLabasBau DE\",\"description\":\"Innenarbeiten-Trockenbau-Maler\",\"publisher\":{\"@id\":\"https:\/\/hirelabasbau.lt\/de\/#organization\"},\"potentialAction\":[{\"@type\":\"SearchAction\",\"target\":{\"@type\":\"EntryPoint\",\"urlTemplate\":\"https:\/\/hirelabasbau.lt\/de\/?s={search_term_string}\"},\"query-input\":{\"@type\":\"PropertyValueSpecification\",\"valueRequired\":true,\"valueName\":\"search_term_string\"}}],\"inLanguage\":\"en-US\"},{\"@type\":\"Organization\",\"@id\":\"https:\/\/hirelabasbau.lt\/de\/#organization\",\"name\":\"HireLabasBau DE\",\"url\":\"https:\/\/hirelabasbau.lt\/de\/\",\"logo\":{\"@type\":\"ImageObject\",\"inLanguage\":\"en-US\",\"@id\":\"https:\/\/hirelabasbau.lt\/de\/#\/schema\/logo\/image\/\",\"url\":\"https:\/\/hirelabasbau.lt\/de\/wp-content\/uploads\/sites\/101\/2020\/10\/cropped-Smaller-1-1.png\",\"contentUrl\":\"https:\/\/hirelabasbau.lt\/de\/wp-content\/uploads\/sites\/101\/2020\/10\/cropped-Smaller-1-1.png\",\"width\":474,\"height\":319,\"caption\":\"HireLabasBau DE\"},\"image\":{\"@id\":\"https:\/\/hirelabasbau.lt\/de\/#\/schema\/logo\/image\/\"}}]}<\/script>\n<!-- \/ Yoast SEO Premium plugin. -->","yoast_head_json":{"title":"Renovieren - Renovierungsarbeiten - UNSERE ARBEITEN - HireLabasBau DE","description":"Hotel renovieren - Bad renovieren - Treppe renovierung - Haus renovieren - Top Qualit\u00e4t bei jedem Bauvorhaben \u2013 zu einem g\u00fcnstigen Preis.","robots":{"index":"index","follow":"follow","max-snippet":"max-snippet:-1","max-image-preview":"max-image-preview:large","max-video-preview":"max-video-preview:-1"},"canonical":"https:\/\/hirelabasbau.lt\/de\/unsere-arbeiten-2\/","og_locale":"en_US","og_type":"article","og_title":"UNSERE ARBEITEN","og_description":"Hotel renovieren - Bad renovieren - Treppe renovierung - Haus renovieren - Top Qualit\u00e4t bei jedem Bauvorhaben \u2013 zu einem g\u00fcnstigen Preis.","og_url":"https:\/\/hirelabasbau.lt\/de\/unsere-arbeiten-2\/","og_site_name":"HireLabasBau DE","article_modified_time":"2023-11-13T11:41:24+00:00","og_image":[{"width":1280,"height":853,"url":"https:\/\/hirelabasbau.lt\/de\/wp-content\/uploads\/sites\/101\/2020\/11\/258488054.jpg","type":"image\/jpeg"}],"twitter_card":"summary_large_image","twitter_misc":{"Est. reading time":"2 minutes"},"schema":{"@context":"https:\/\/schema.org","@graph":[{"@type":"WebPage","@id":"https:\/\/hirelabasbau.lt\/de\/unsere-arbeiten-2\/","url":"https:\/\/hirelabasbau.lt\/de\/unsere-arbeiten-2\/","name":"Renovieren - Renovierungsarbeiten - UNSERE ARBEITEN - HireLabasBau DE","isPartOf":{"@id":"https:\/\/hirelabasbau.lt\/de\/#website"},"primaryImageOfPage":{"@id":"https:\/\/hirelabasbau.lt\/de\/unsere-arbeiten-2\/#primaryimage"},"image":{"@id":"https:\/\/hirelabasbau.lt\/de\/unsere-arbeiten-2\/#primaryimage"},"thumbnailUrl":"https:\/\/hirelabasbau.lt\/de\/wp-content\/uploads\/sites\/101\/2020\/11\/258488054.jpg","datePublished":"2020-11-08T09:24:19+00:00","dateModified":"2023-11-13T11:41:24+00:00","description":"Hotel renovieren - Bad renovieren - Treppe renovierung - Haus renovieren - Top Qualit\u00e4t bei jedem Bauvorhaben \u2013 zu einem g\u00fcnstigen Preis.","inLanguage":"en-US","potentialAction":[{"@type":"ReadAction","target":["https:\/\/hirelabasbau.lt\/de\/unsere-arbeiten-2\/"]}]},{"@type":"ImageObject","inLanguage":"en-US","@id":"https:\/\/hirelabasbau.lt\/de\/unsere-arbeiten-2\/#primaryimage","url":"https:\/\/hirelabasbau.lt\/de\/wp-content\/uploads\/sites\/101\/2020\/11\/258488054.jpg","contentUrl":"https:\/\/hirelabasbau.lt\/de\/wp-content\/uploads\/sites\/101\/2020\/11\/258488054.jpg","width":1280,"height":853},{"@type":"WebSite","@id":"https:\/\/hirelabasbau.lt\/de\/#website","url":"https:\/\/hirelabasbau.lt\/de\/","name":"HireLabasBau DE","description":"Innenarbeiten-Trockenbau-Maler","publisher":{"@id":"https:\/\/hirelabasbau.lt\/de\/#organization"},"potentialAction":[{"@type":"SearchAction","target":{"@type":"EntryPoint","urlTemplate":"https:\/\/hirelabasbau.lt\/de\/?s={search_term_string}"},"query-input":{"@type":"PropertyValueSpecification","valueRequired":true,"valueName":"search_term_string"}}],"inLanguage":"en-US"},{"@type":"Organization","@id":"https:\/\/hirelabasbau.lt\/de\/#organization","name":"HireLabasBau DE","url":"https:\/\/hirelabasbau.lt\/de\/","logo":{"@type":"ImageObject","inLanguage":"en-US","@id":"https:\/\/hirelabasbau.lt\/de\/#\/schema\/logo\/image\/","url":"https:\/\/hirelabasbau.lt\/de\/wp-content\/uploads\/sites\/101\/2020\/10\/cropped-Smaller-1-1.png","contentUrl":"https:\/\/hirelabasbau.lt\/de\/wp-content\/uploads\/sites\/101\/2020\/10\/cropped-Smaller-1-1.png","width":474,"height":319,"caption":"HireLabasBau DE"},"image":{"@id":"https:\/\/hirelabasbau.lt\/de\/#\/schema\/logo\/image\/"}}]}},"_links":{"self":[{"href":"https:\/\/hirelabasbau.lt\/de\/wp-json\/wp\/v2\/pages\/2266","targetHints":{"allow":["GET"]}}],"collection":[{"href":"https:\/\/hirelabasbau.lt\/de\/wp-json\/wp\/v2\/pages"}],"about":[{"href":"https:\/\/hirelabasbau.lt\/de\/wp-json\/wp\/v2\/types\/page"}],"author":[{"embeddable":true,"href":"https:\/\/hirelabasbau.lt\/de\/wp-json\/wp\/v2\/users\/2"}],"replies":[{"embeddable":true,"href":"https:\/\/hirelabasbau.lt\/de\/wp-json\/wp\/v2\/comments?post=2266"}],"version-history":[{"count":28,"href":"https:\/\/hirelabasbau.lt\/de\/wp-json\/wp\/v2\/pages\/2266\/revisions"}],"predecessor-version":[{"id":2908,"href":"https:\/\/hirelabasbau.lt\/de\/wp-json\/wp\/v2\/pages\/2266\/revisions\/2908"}],"wp:featuredmedia":[{"embeddable":true,"href":"https:\/\/hirelabasbau.lt\/de\/wp-json\/wp\/v2\/media\/2326"}],"wp:attachment":[{"href":"https:\/\/hirelabasbau.lt\/de\/wp-json\/wp\/v2\/media?parent=2266"}],"curies":[{"name":"wp","href":"https:\/\/api.w.org\/{rel}","templated":true}]}}