{"id":2862,"date":"2023-07-03T07:09:24","date_gmt":"2023-07-03T09:09:24","guid":{"rendered":"https:\/\/hirelabasbau.lt\/de\/?page_id=2862"},"modified":"2023-11-28T13:39:54","modified_gmt":"2023-11-28T15:39:54","slug":"preise","status":"publish","type":"page","link":"https:\/\/hirelabasbau.lt\/de\/preise\/","title":{"rendered":"PREISE"},"content":{"rendered":"<h2 style=\"text-align: center;\">HireLabas Bau &#8211; Preise f\u00fcr Innenausbauarbeiten 2023<\/h2>\n<p style=\"text-align: center;\"><strong>Bei einer vollst\u00e4ndigen Sanierung des Hauses k\u00f6nnen Sie mit etwa 270 bis 370 Euro pro Quadratmeter rechnen.<\/strong><\/p>\n<div class=\"pre-header-button\"><a class=\"header-block-button\" href=\"https:\/\/hirelabasbau.lt\/de\/wp-content\/uploads\/sites\/101\/2023\/07\/Preise-fur-Innenausbauarbeiten.pdf\">Laden Sie die Preisliste herunter<\/a><\/div>\n<table class=\"price_table\">\n<tbody>\n<tr>\n<td class=\"price_table_heading\" colspan=\"3\"><u><strong>Fliesenarbeiten<\/strong><\/u><\/td>\n<\/tr>\n<tr>\n<td>Bodenfliesen geklebt, ausbauen,Wandfliesen entfernen<\/td>\n<td>m2<\/td>\n<td class=\"price_table_price\">22,40 \u20ac<\/td>\n<\/tr>\n<tr>\n<td>Kleben von Abdichtungsbanden an Ecken<\/td>\n<td>lfm<\/td>\n<td class=\"price_table_price\">10,00 \u20ac<\/td>\n<\/tr>\n<tr>\n<td>Untergrund reinigen, Schmutz<\/td>\n<td>m2<\/td>\n<td class=\"price_table_price\">2,00 \u20ac<\/td>\n<\/tr>\n<tr>\n<td>Untergrund, grob spachteln, bis 10 mm, Innenwand<\/td>\n<td>m2<\/td>\n<td class=\"price_table_price\">5,00 \u20ac<\/td>\n<\/tr>\n<tr>\n<td>Verbundabdichtung (AIV-F), W0-I, Polymerdispersion (DM), Innenwand<\/td>\n<td>m2<\/td>\n<td class=\"price_table_price\">16,00 \u20ac<\/td>\n<\/tr>\n<tr>\n<td>Bodenfliese,Wandfliesen Feinsteinzeug, gek\u00f6rnt, eben, matt, 30\/60cm, innen<\/td>\n<td>m2<\/td>\n<td class=\"price_table_price\">35,00 \u20ac<\/td>\n<\/tr>\n<tr>\n<td>Wandfliesen 120\/240 cm<\/td>\n<td>m2<\/td>\n<td class=\"price_table_price\">70,00 \u20ac<\/td>\n<\/tr>\n<tr>\n<td>Abschluss und Eckschienen Edelstahl\/Alu\/Chrom<\/td>\n<td>m<\/td>\n<td class=\"price_table_price\">3,00 \u20ac<\/td>\n<\/tr>\n<tr>\n<td>Fugen elastisch, Silikon, 6-8 mm, horizontal und vertikal<\/td>\n<td>m<\/td>\n<td class=\"price_table_price\">2,80 \u20ac<\/td>\n<\/tr>\n<tr>\n<td>Fliesen, L\u00f6cher herstellen<\/td>\n<td>St<\/td>\n<td class=\"price_table_price\">8,40 \u20ac<\/td>\n<\/tr>\n<tr>\n<td>Aufkleben des Spiegels<\/td>\n<td>St<\/td>\n<td class=\"price_table_price\">90,00 \u20ac<\/td>\n<\/tr>\n<tr>\n<td>Sonstige nicht spezifizierte Arbeiten in diesem Bereich (Stundensatz)<\/td>\n<td>Std<\/td>\n<td class=\"price_table_price\">35,00 \u20ac<\/td>\n<\/tr>\n<tr>\n<td>Duschtassenelement, bodengleich<\/td>\n<td>St<\/td>\n<td class=\"price_table_price\">90,00 \u20ac<\/td>\n<\/tr>\n<tr>\n<td class=\"price_table_heading\" colspan=\"3\"><u><strong>Estricharbeiten<\/strong><\/u><\/td>\n<\/tr>\n<tr>\n<td>Untergrund reinigen, grober Schmutz<\/td>\n<td>m2<\/td>\n<td class=\"price_table_price\">2,40 \u20ac<\/td>\n<\/tr>\n<tr>\n<td>Gef\u00e4lleestrich, 20-60 mm<\/td>\n<td>m2<\/td>\n<td class=\"price_table_price\">22,40 \u20ac<\/td>\n<\/tr>\n<tr>\n<td>Dampfsperre, PE-Folie, 0,2 mm, Estrich<\/td>\n<td>m2<\/td>\n<td class=\"price_table_price\">1,40 \u20ac<\/td>\n<\/tr>\n<tr>\n<td>Trittschalld\u00e4mmung, EPS, WLG 045, 30-3 mm<\/td>\n<td>m2<\/td>\n<td class=\"price_table_price\">7,00 \u20ac<\/td>\n<\/tr>\n<tr>\n<td>Zement-Verbundestrich, C 25, d=45 mm, als Nutzschicht<\/td>\n<td>m2<\/td>\n<td class=\"price_table_price\">22,40 \u20ac<\/td>\n<\/tr>\n<tr>\n<td>Einlaufrinne, Edelstahl, in Estrich<\/td>\n<td>St<\/td>\n<td class=\"price_table_price\">17,50 \u20ac<\/td>\n<\/tr>\n<tr>\n<td class=\"price_table_heading\" colspan=\"3\"><u><strong>T\u00fcren Montage<\/strong><\/u><\/td>\n<\/tr>\n<tr>\n<td>Innent\u00fcr, komplett, f\u00fcr B\u00e4der<\/td>\n<td>St<\/td>\n<td class=\"price_table_price\">98,00 \u20ac<\/td>\n<\/tr>\n<tr>\n<td>Zimmereingangst\u00fcr<\/td>\n<td>St<\/td>\n<td class=\"price_table_price\">175,00 \u20ac<\/td>\n<\/tr>\n<tr>\n<td class=\"price_table_heading\" colspan=\"3\"><u><strong>Malerarbeiten<\/strong><\/u><\/td>\n<\/tr>\n<tr>\n<td>Tapete, 1-lagig, beschichtet, entfernen<\/td>\n<td>m2<\/td>\n<td class=\"price_table_price\">5,00 \u20ac<\/td>\n<\/tr>\n<tr>\n<td>Abdeckung Bodenfl\u00e4chen Innenfl\u00e4chen<\/td>\n<td>m2<\/td>\n<td class=\"price_table_price\">1,40 \u20ac<\/td>\n<\/tr>\n<tr>\n<td>Untergrund, trocken reinigen, mineralisch, Innenwand<\/td>\n<td>m2<\/td>\n<td class=\"price_table_price\">2,40 \u20ac<\/td>\n<\/tr>\n<tr>\n<td>Streichen Wande und Decke<\/td>\n<td>m2<\/td>\n<td class=\"price_table_price\">5,80 \u20ac<\/td>\n<\/tr>\n<tr>\n<td>Tapezierarbeiten, Reinigung<\/td>\n<td>m2<\/td>\n<td class=\"price_table_price\">12,50 \u20ac<\/td>\n<\/tr>\n<tr>\n<td>Beschichtung, T\u00fcrzargen<\/td>\n<td>St<\/td>\n<td class=\"price_table_price\">60,00 \u20ac<\/td>\n<\/tr>\n<tr>\n<td>Einbau von Eckelementen vertikale Kante von Ecken um Fenster, Ture herum<\/td>\n<td>lfm<\/td>\n<td class=\"price_table_price\">5,80 \u20ac<\/td>\n<\/tr>\n<tr>\n<td>Spachteln der Wande und Decke<\/td>\n<td>m2<\/td>\n<td class=\"price_table_price\">12,00 \u20ac<\/td>\n<\/tr>\n<tr>\n<td>Acrylanstrich von Fugen<\/td>\n<td>lfm<\/td>\n<td class=\"price_table_price\">2,50 \u20ac<\/td>\n<\/tr>\n<tr>\n<td>Sonstige nicht spezifizierte Arbeiten in diesem Bereich (Stundensatz)<\/td>\n<td>Std<\/td>\n<td class=\"price_table_price\">35,00 \u20ac<\/td>\n<\/tr>\n<tr>\n<td>Entfernen des alten Anstrichs<\/td>\n<td>m2<\/td>\n<td class=\"price_table_price\">5,00 \u20ac<\/td>\n<\/tr>\n<tr>\n<td>\u00dcbergangsprofil f\u00fcr Belag montieren<\/td>\n<td>m<\/td>\n<td class=\"price_table_price\">7,20 \u20ac<\/td>\n<\/tr>\n<tr>\n<td class=\"price_table_heading\" colspan=\"3\"><u><strong>Trockenbauarbeiten<\/strong><\/u><\/td>\n<\/tr>\n<tr>\n<td>Montage akustischer\/thermischer Isolierung<\/td>\n<td>m2<\/td>\n<td class=\"price_table_price\">9,00 \u20ac<\/td>\n<\/tr>\n<tr>\n<td>Montagewand,2x 2-lagig beplankt, abbrechen<\/td>\n<td>m2<\/td>\n<td class=\"price_table_price\">40,00 \u20ac<\/td>\n<\/tr>\n<tr>\n<td>T\u00fcren in Rigipswand eingebaut Extrakosten (ohne T\u00fcr}<\/td>\n<td><\/td>\n<td class=\"price_table_price\">80,00 \u20ac<\/td>\n<\/tr>\n<tr>\n<td>GF-Decke, abgeh\u00e4ngt<\/td>\n<td>m2<\/td>\n<td class=\"price_table_price\">49,00 \u20ac<\/td>\n<\/tr>\n<tr>\n<td>Sonstige nicht spezifizierte Arbeiten in diesem Bereich (Stundensatz)<\/td>\n<td>Std<\/td>\n<td class=\"price_table_price\">45,00 \u20ac<\/td>\n<\/tr>\n<tr>\n<td>Revisions\u00f6ffnung, GKB, 300\/300 mm montieren<\/td>\n<td>St<\/td>\n<td class=\"price_table_price\">45,00 \u20ac<\/td>\n<\/tr>\n<tr>\n<td class=\"price_table_heading\" colspan=\"3\"><u><strong>Heizungs\/Sanit\u00e4r<\/strong><\/u><\/td>\n<\/tr>\n<tr>\n<td>Montageelement, Waschtisch, WC ausbauen<\/td>\n<td>St<\/td>\n<td class=\"price_table_price\">18,00 \u20ac<\/td>\n<\/tr>\n<tr>\n<td>Klempnerarbeiten- Installation der Wasserinstallationsleitungen (Wohnung)<\/td>\n<td>St<\/td>\n<td class=\"price_table_price\">900,00 \u20ac<\/td>\n<\/tr>\n<tr>\n<td>Nutenfrasen fur WasserInstallationsleitungen\/ Heizungs (Beton)<\/td>\n<td>lfm<\/td>\n<td class=\"price_table_price\">30,00 \u20ac<\/td>\n<\/tr>\n<tr>\n<td>Verputzen der Wande nach WasserInstallationsleitungen<\/td>\n<td>lfm<\/td>\n<td class=\"price_table_price\">19,00 \u20ac<\/td>\n<\/tr>\n<tr>\n<td>Badewanne ausbauen<\/td>\n<td>St<\/td>\n<td class=\"price_table_price\">54,00 \u20ac<\/td>\n<\/tr>\n<tr>\n<td>Rohrleitung, Kunststoff, PE-X, D=16 mm verlegen<\/td>\n<td>m<\/td>\n<td class=\"price_table_price\">3,00 \u20ac<\/td>\n<\/tr>\n<tr>\n<td>Fu\u00dfbodenheizrohr, PE-X, 16 mm verlegen<\/td>\n<td>m<\/td>\n<td class=\"price_table_price\">15,50 \u20ac<\/td>\n<\/tr>\n<tr>\n<td>Rohrleitung, HT, PP, mit Muffe, DN 90, Abwasser verlegen<br \/>\n<small>Abwasserleitungen innerhalb der B\u00e4der<\/small><\/td>\n<td>m<\/td>\n<td class=\"price_table_price\">9,60 \u20ac<\/td>\n<\/tr>\n<tr>\n<td>Waschtisch montieren<\/td>\n<td>St<\/td>\n<td class=\"price_table_price\">80,00 \u20ac<\/td>\n<\/tr>\n<tr>\n<td>Waschtischbatterie, Eingriff, Zugknopf, DN 15 anbringen<\/td>\n<td>St<\/td>\n<td class=\"price_table_price\">45,00 \u20ac<\/td>\n<\/tr>\n<tr>\n<td>Brausebatterie, Eingriff, Aufputz, ohne Brause, DN 15 montieren<\/td>\n<td>St<\/td>\n<td class=\"price_table_price\">45,00 \u20ac<\/td>\n<\/tr>\n<tr>\n<td>Duschabtrennung, Einscheiben-Sicherheitsglas Montage<\/td>\n<td>St<\/td>\n<td class=\"price_table_price\">220,00 \u20ac<\/td>\n<\/tr>\n<tr>\n<td>Entleerendes Heizkreislaufssystems<\/td>\n<td><\/td>\n<td class=\"price_table_price\">160,00 \u20ac<\/td>\n<\/tr>\n<tr>\n<td>Befullen Heizkreislaufssystems<\/td>\n<td><\/td>\n<td class=\"price_table_price\">160,00 \u20ac<\/td>\n<\/tr>\n<tr>\n<td>Demontage und Montage des Heizkorpers<\/td>\n<td><\/td>\n<td class=\"price_table_price\">260,00 \u20ac<\/td>\n<\/tr>\n<tr>\n<td>Montage und Anschluss der Geberit Konstruktion<\/td>\n<td>St<\/td>\n<td class=\"price_table_price\">190,00 \u20ac<\/td>\n<\/tr>\n<tr>\n<td>Sonstige nicht spezifizierte Arbeiten in diesem Bereich (Stundensatz)<\/td>\n<td><\/td>\n<td class=\"price_table_price\">45,00 \u20ac<\/td>\n<\/tr>\n<tr>\n<td>WC h\u00e4ngend mit WC Deckel montieren<\/td>\n<td>St<\/td>\n<td class=\"price_table_price\">55,00 \u20ac<\/td>\n<\/tr>\n<tr>\n<td class=\"price_table_heading\" colspan=\"3\"><u><strong>Elektroarbeiten<\/strong><\/u><\/td>\n<\/tr>\n<tr>\n<td>Elektroinstallation + Montage (1Zimmer -Wohnung)<\/td>\n<td><\/td>\n<td class=\"price_table_price\">2.400,00 \u20ac<\/td>\n<\/tr>\n<tr>\n<td>Elektroinstallation + Montage (2Zimmer -Wohnung)<\/td>\n<td><\/td>\n<td class=\"price_table_price\">3.000,00 \u20ac<\/td>\n<\/tr>\n<tr>\n<td>Elektroinstallation + Montage (3Zimmer -Wohnung)<\/td>\n<td><\/td>\n<td class=\"price_table_price\">3.600,00 \u20ac<\/td>\n<\/tr>\n<tr>\n<td>Elektroinstallation + Montage (4Zimmer -Wohnung)<\/td>\n<td><\/td>\n<td class=\"price_table_price\">4.200,00 \u20ac<\/td>\n<\/tr>\n<tr>\n<td>Elektroinstallation + Montage (5Zimmer -Wohnung)<\/td>\n<td><\/td>\n<td class=\"price_table_price\">5.400,00 \u20ac<\/td>\n<\/tr>\n<tr>\n<td>Schneiden der Rillen<\/td>\n<td>lfm<\/td>\n<td class=\"price_table_price\">20,00 \u20ac<\/td>\n<\/tr>\n<tr>\n<td>Feinputz der Wand<\/td>\n<td>lfm<\/td>\n<td class=\"price_table_price\">11,80 \u20ac<\/td>\n<\/tr>\n<tr>\n<td>Montage Und Anschluss der elektriche Luftung (Bad, Toilette)<\/td>\n<td>St<\/td>\n<td class=\"price_table_price\">70,00 \u20ac<\/td>\n<\/tr>\n<tr>\n<td>Montage Leuchte<\/td>\n<td>St<\/td>\n<td class=\"price_table_price\">20-60<\/td>\n<\/tr>\n<tr>\n<td>Einbau von LED- Leisten<\/td>\n<td>lfm<\/td>\n<td class=\"price_table_price\">16,00 \u20ac<\/td>\n<\/tr>\n<tr>\n<td>Montage Kabel Kan\u00e4le\/Rohre\/Pritschen\/Wannen verlegen<\/td>\n<td>m<\/td>\n<td class=\"price_table_price\">1,60 \u20ac<\/td>\n<\/tr>\n<tr>\n<td>Aus-\/ Wechselschalter, Unterputz, wei\u00df<\/td>\n<td>St<\/td>\n<td class=\"price_table_price\">9,00 \u20ac<\/td>\n<\/tr>\n<tr>\n<td>Serienschalter, Unterputz, wei\u00df<\/td>\n<td>St<\/td>\n<td class=\"price_table_price\">9,00 \u20ac<\/td>\n<\/tr>\n<tr>\n<td>Kreuzschalter, Unterputz, wei\u00df<\/td>\n<td>St<\/td>\n<td class=\"price_table_price\">9,00 \u20ac<\/td>\n<\/tr>\n<tr>\n<td>Bewegungsmelder, IP 55, wei\u00df<\/td>\n<td>St<\/td>\n<td class=\"price_table_price\">16,00 \u20ac<\/td>\n<\/tr>\n<tr>\n<td>Steckdose mit Schutzkontakt, Unterputz, wei\u00df<\/td>\n<td>St<\/td>\n<td class=\"price_table_price\">7,00 \u20ac<\/td>\n<\/tr>\n<tr>\n<td>Steckdose 2-fach mit Schutzkontakt, Aufputz, IP 44<\/td>\n<td>St<\/td>\n<td class=\"price_table_price\">7,50 \u20ac<\/td>\n<\/tr>\n<tr>\n<td>Abzweigkasten, Unterputz, mit Deckel, 90\/90\/60 mm<\/td>\n<td>St<\/td>\n<td class=\"price_table_price\">18,00 \u20ac<\/td>\n<\/tr>\n<tr>\n<td>Ger\u00e4tedose, Hohlwand<\/td>\n<td>St<\/td>\n<td class=\"price_table_price\">5,40 \u20ac<\/td>\n<\/tr>\n<tr>\n<td>Deckenleuchtenanschlussdose, Betonbau, 46 mm Montage<\/td>\n<td>St<\/td>\n<td class=\"price_table_price\">7,20 \u20ac<\/td>\n<\/tr>\n<tr>\n<td>Kleinverteiler, Unterputz, 3-reihig, t=92 mm Montage<\/td>\n<td>St<\/td>\n<td class=\"price_table_price\">90,00 \u20ac<\/td>\n<\/tr>\n<tr>\n<td>Sonstige nicht spezifizierte Arbeiten in diesem Bereich (Stundensatz)<\/td>\n<td>St<\/td>\n<td class=\"price_table_price\">45,00 \u20ac<\/td>\n<\/tr>\n<tr>\n<td>Kabel, Cat. 7, simplex, Kan\u00e4le\/Rohre\/Pritschen\/Wannen Montage<\/td>\n<td>m<\/td>\n<td class=\"price_table_price\">1,60 \u20ac<\/td>\n<\/tr>\n<tr>\n<td class=\"price_table_heading\" colspan=\"3\"><u><strong>Fussbodenarbeiten<\/strong><\/u><\/td>\n<\/tr>\n<tr>\n<td>Bodenbelagsarbeiten<\/td>\n<td>m2<\/td>\n<td class=\"price_table_price\">6,70 \u20ac<\/td>\n<\/tr>\n<tr>\n<td>Schleifen und Nivellieren des untergrunds (Beton)<\/td>\n<td>m2<\/td>\n<td class=\"price_table_price\">9,80 \u20ac<\/td>\n<\/tr>\n<tr>\n<td>Haftgrund-Voranstrich<\/td>\n<td>m2<\/td>\n<td class=\"price_table_price\">2,40 \u20ac<\/td>\n<\/tr>\n<tr>\n<td>Untergrund ausgleichen, 1-5 mm mit Ausgleichmasse<\/td>\n<td>m2<\/td>\n<td class=\"price_table_price\">13,00 \u20ac<\/td>\n<\/tr>\n<tr>\n<td>Reparierungsbeton Loche spachteln<\/td>\n<td>m2<\/td>\n<td class=\"price_table_price\">5,00 \u20ac<\/td>\n<\/tr>\n<tr>\n<td>Vinyl -Boden<\/td>\n<td><\/td>\n<td class=\"price_table_price\">21,00 \u20ac<\/td>\n<\/tr>\n<tr>\n<td>Textilbelag, Pol-Vlies, vollsynthetisch, Komfort gut<\/td>\n<td>m2<\/td>\n<td class=\"price_table_price\">27,00 \u20ac<\/td>\n<\/tr>\n<tr>\n<td>Sonstige nicht spezifizierte Arbeiten in diesem Bereich (Stundensatz)<\/td>\n<td><\/td>\n<td class=\"price_table_price\">45,00 \u20ac<\/td>\n<\/tr>\n<tr>\n<td>Sockelleiste montieren<\/td>\n<td>m<\/td>\n<td class=\"price_table_price\">5,80 \u20ac<\/td>\n<\/tr>\n<tr>\n<td>Laminatbodens<\/td>\n<td>m2<\/td>\n<td class=\"price_table_price\">13,80 \u20ac<\/td>\n<\/tr>\n<tr>\n<td>Holzparkettbodens<\/td>\n<td>m2<\/td>\n<td class=\"price_table_price\">25,00 \u20ac<\/td>\n<\/tr>\n<\/tbody>\n<\/table>\n","protected":false},"excerpt":{"rendered":"<p>HireLabas Bau &#8211; Preise f\u00fcr Innenausbauarbeiten 2023 Bei einer vollst\u00e4ndigen Sanierung des Hauses k\u00f6nnen Sie mit etwa 270 bis 370 Euro pro Quadratmeter rechnen. Laden Sie die Preisliste herunter Fliesenarbeiten Bodenfliesen geklebt, ausbauen,Wandfliesen entfernen m2 22,40 \u20ac Kleben von Abdichtungsbanden an Ecken lfm 10,00 \u20ac Untergrund reinigen, Schmutz m2 2,00 \u20ac Untergrund, grob spachteln, bis [&hellip;]<\/p>\n","protected":false},"author":2,"featured_media":0,"parent":0,"menu_order":0,"comment_status":"closed","ping_status":"closed","template":"","meta":{"_acf_changed":false,"footnotes":""},"class_list":["post-2862","page","type-page","status-publish","hentry"],"acf":[],"yoast_head":"<!-- This site is optimized with the Yoast SEO Premium plugin v27.1 (Yoast SEO v27.1.1) - https:\/\/yoast.com\/product\/yoast-seo-premium-wordpress\/ -->\n<title>PREISE - HireLabasBau DE<\/title>\n<meta name=\"robots\" content=\"index, follow, max-snippet:-1, max-image-preview:large, max-video-preview:-1\" \/>\n<link rel=\"canonical\" href=\"https:\/\/hirelabasbau.lt\/de\/preise\/\" \/>\n<meta property=\"og:locale\" content=\"en_US\" \/>\n<meta property=\"og:type\" content=\"article\" \/>\n<meta property=\"og:title\" content=\"PREISE\" \/>\n<meta property=\"og:description\" content=\"HireLabas Bau &#8211; Preise f\u00fcr Innenausbauarbeiten 2023 Bei einer vollst\u00e4ndigen Sanierung des Hauses k\u00f6nnen Sie mit etwa 270 bis 370 Euro pro Quadratmeter rechnen. Laden Sie die Preisliste herunter Fliesenarbeiten Bodenfliesen geklebt, ausbauen,Wandfliesen entfernen m2 22,40 \u20ac Kleben von Abdichtungsbanden an Ecken lfm 10,00 \u20ac Untergrund reinigen, Schmutz m2 2,00 \u20ac Untergrund, grob spachteln, bis [&hellip;]\" \/>\n<meta property=\"og:url\" content=\"https:\/\/hirelabasbau.lt\/de\/preise\/\" \/>\n<meta property=\"og:site_name\" content=\"HireLabasBau DE\" \/>\n<meta property=\"article:modified_time\" content=\"2023-11-28T15:39:54+00:00\" \/>\n<meta name=\"twitter:card\" content=\"summary_large_image\" \/>\n<meta name=\"twitter:label1\" content=\"Est. reading time\" \/>\n\t<meta name=\"twitter:data1\" content=\"4 minutes\" \/>\n<script type=\"application\/ld+json\" class=\"yoast-schema-graph\">{\"@context\":\"https:\/\/schema.org\",\"@graph\":[{\"@type\":\"WebPage\",\"@id\":\"https:\/\/hirelabasbau.lt\/de\/preise\/\",\"url\":\"https:\/\/hirelabasbau.lt\/de\/preise\/\",\"name\":\"PREISE - HireLabasBau DE\",\"isPartOf\":{\"@id\":\"https:\/\/hirelabasbau.lt\/de\/#website\"},\"datePublished\":\"2023-07-03T09:09:24+00:00\",\"dateModified\":\"2023-11-28T15:39:54+00:00\",\"inLanguage\":\"en-US\",\"potentialAction\":[{\"@type\":\"ReadAction\",\"target\":[\"https:\/\/hirelabasbau.lt\/de\/preise\/\"]}]},{\"@type\":\"WebSite\",\"@id\":\"https:\/\/hirelabasbau.lt\/de\/#website\",\"url\":\"https:\/\/hirelabasbau.lt\/de\/\",\"name\":\"HireLabasBau DE\",\"description\":\"Innenarbeiten-Trockenbau-Maler\",\"publisher\":{\"@id\":\"https:\/\/hirelabasbau.lt\/de\/#organization\"},\"potentialAction\":[{\"@type\":\"SearchAction\",\"target\":{\"@type\":\"EntryPoint\",\"urlTemplate\":\"https:\/\/hirelabasbau.lt\/de\/?s={search_term_string}\"},\"query-input\":{\"@type\":\"PropertyValueSpecification\",\"valueRequired\":true,\"valueName\":\"search_term_string\"}}],\"inLanguage\":\"en-US\"},{\"@type\":\"Organization\",\"@id\":\"https:\/\/hirelabasbau.lt\/de\/#organization\",\"name\":\"HireLabasBau DE\",\"url\":\"https:\/\/hirelabasbau.lt\/de\/\",\"logo\":{\"@type\":\"ImageObject\",\"inLanguage\":\"en-US\",\"@id\":\"https:\/\/hirelabasbau.lt\/de\/#\/schema\/logo\/image\/\",\"url\":\"https:\/\/hirelabasbau.lt\/de\/wp-content\/uploads\/sites\/101\/2020\/10\/cropped-Smaller-1-1.png\",\"contentUrl\":\"https:\/\/hirelabasbau.lt\/de\/wp-content\/uploads\/sites\/101\/2020\/10\/cropped-Smaller-1-1.png\",\"width\":474,\"height\":319,\"caption\":\"HireLabasBau DE\"},\"image\":{\"@id\":\"https:\/\/hirelabasbau.lt\/de\/#\/schema\/logo\/image\/\"}}]}<\/script>\n<!-- \/ Yoast SEO Premium plugin. -->","yoast_head_json":{"title":"PREISE - HireLabasBau DE","robots":{"index":"index","follow":"follow","max-snippet":"max-snippet:-1","max-image-preview":"max-image-preview:large","max-video-preview":"max-video-preview:-1"},"canonical":"https:\/\/hirelabasbau.lt\/de\/preise\/","og_locale":"en_US","og_type":"article","og_title":"PREISE","og_description":"HireLabas Bau &#8211; Preise f\u00fcr Innenausbauarbeiten 2023 Bei einer vollst\u00e4ndigen Sanierung des Hauses k\u00f6nnen Sie mit etwa 270 bis 370 Euro pro Quadratmeter rechnen. Laden Sie die Preisliste herunter Fliesenarbeiten Bodenfliesen geklebt, ausbauen,Wandfliesen entfernen m2 22,40 \u20ac Kleben von Abdichtungsbanden an Ecken lfm 10,00 \u20ac Untergrund reinigen, Schmutz m2 2,00 \u20ac Untergrund, grob spachteln, bis [&hellip;]","og_url":"https:\/\/hirelabasbau.lt\/de\/preise\/","og_site_name":"HireLabasBau DE","article_modified_time":"2023-11-28T15:39:54+00:00","twitter_card":"summary_large_image","twitter_misc":{"Est. reading time":"4 minutes"},"schema":{"@context":"https:\/\/schema.org","@graph":[{"@type":"WebPage","@id":"https:\/\/hirelabasbau.lt\/de\/preise\/","url":"https:\/\/hirelabasbau.lt\/de\/preise\/","name":"PREISE - HireLabasBau DE","isPartOf":{"@id":"https:\/\/hirelabasbau.lt\/de\/#website"},"datePublished":"2023-07-03T09:09:24+00:00","dateModified":"2023-11-28T15:39:54+00:00","inLanguage":"en-US","potentialAction":[{"@type":"ReadAction","target":["https:\/\/hirelabasbau.lt\/de\/preise\/"]}]},{"@type":"WebSite","@id":"https:\/\/hirelabasbau.lt\/de\/#website","url":"https:\/\/hirelabasbau.lt\/de\/","name":"HireLabasBau DE","description":"Innenarbeiten-Trockenbau-Maler","publisher":{"@id":"https:\/\/hirelabasbau.lt\/de\/#organization"},"potentialAction":[{"@type":"SearchAction","target":{"@type":"EntryPoint","urlTemplate":"https:\/\/hirelabasbau.lt\/de\/?s={search_term_string}"},"query-input":{"@type":"PropertyValueSpecification","valueRequired":true,"valueName":"search_term_string"}}],"inLanguage":"en-US"},{"@type":"Organization","@id":"https:\/\/hirelabasbau.lt\/de\/#organization","name":"HireLabasBau DE","url":"https:\/\/hirelabasbau.lt\/de\/","logo":{"@type":"ImageObject","inLanguage":"en-US","@id":"https:\/\/hirelabasbau.lt\/de\/#\/schema\/logo\/image\/","url":"https:\/\/hirelabasbau.lt\/de\/wp-content\/uploads\/sites\/101\/2020\/10\/cropped-Smaller-1-1.png","contentUrl":"https:\/\/hirelabasbau.lt\/de\/wp-content\/uploads\/sites\/101\/2020\/10\/cropped-Smaller-1-1.png","width":474,"height":319,"caption":"HireLabasBau DE"},"image":{"@id":"https:\/\/hirelabasbau.lt\/de\/#\/schema\/logo\/image\/"}}]}},"_links":{"self":[{"href":"https:\/\/hirelabasbau.lt\/de\/wp-json\/wp\/v2\/pages\/2862","targetHints":{"allow":["GET"]}}],"collection":[{"href":"https:\/\/hirelabasbau.lt\/de\/wp-json\/wp\/v2\/pages"}],"about":[{"href":"https:\/\/hirelabasbau.lt\/de\/wp-json\/wp\/v2\/types\/page"}],"author":[{"embeddable":true,"href":"https:\/\/hirelabasbau.lt\/de\/wp-json\/wp\/v2\/users\/2"}],"replies":[{"embeddable":true,"href":"https:\/\/hirelabasbau.lt\/de\/wp-json\/wp\/v2\/comments?post=2862"}],"version-history":[{"count":17,"href":"https:\/\/hirelabasbau.lt\/de\/wp-json\/wp\/v2\/pages\/2862\/revisions"}],"predecessor-version":[{"id":2911,"href":"https:\/\/hirelabasbau.lt\/de\/wp-json\/wp\/v2\/pages\/2862\/revisions\/2911"}],"wp:attachment":[{"href":"https:\/\/hirelabasbau.lt\/de\/wp-json\/wp\/v2\/media?parent=2862"}],"curies":[{"name":"wp","href":"https:\/\/api.w.org\/{rel}","templated":true}]}}