{"id":369,"date":"2017-07-05T10:28:30","date_gmt":"2017-07-05T12:28:30","guid":{"rendered":"http:\/\/nermeka.lt\/?page_id=369"},"modified":"2020-11-08T12:40:59","modified_gmt":"2020-11-08T14:40:59","slug":"fur-kunden","status":"publish","type":"page","link":"https:\/\/hirelabasbau.lt\/de\/fur-kunden\/","title":{"rendered":"F\u00fcr Kunden"},"content":{"rendered":"<h2><strong>Renovieren muss nicht teuer sein<\/strong><\/h2>\n<p>F\u00fcr uns gilt: Nur ein zufriedener Kunde, ist ein guter Kunde. Deshalb bieten wir die gleiche Leistung zu einem geringeren Kostenpreis an.<\/p>\n<p>Wir h\u00f6ren immer wieder Fragen wie: Was kostet das Badezimmer sanieren? Auch Fragen zu den Malerarbeiten Kosten, Sanier Kosten oder auch die Kosten f\u00fcr das Wohnung streichen.<\/p>\n<p>Sollten Sie explizit eine Frage zu diesen Themen haben, dann k\u00f6nnen Sie uns gerne kontaktieren, damit wir die beste L\u00f6sung f\u00fcr Sie ausarbeiten k\u00f6nnen.<\/p>\n<h4>Wir garantieren eine 100% Zufriedenheit durch unsere Arbeiten.<\/h4>\n","protected":false},"excerpt":{"rendered":"<p>Renovieren muss nicht teuer sein F\u00fcr uns gilt: Nur ein zufriedener Kunde, ist ein guter Kunde. Deshalb bieten wir die gleiche Leistung zu einem geringeren Kostenpreis an. Wir h\u00f6ren immer wieder Fragen wie: Was kostet das Badezimmer sanieren? Auch Fragen zu den Malerarbeiten Kosten, Sanier Kosten oder auch die Kosten f\u00fcr das Wohnung streichen. Sollten [&hellip;]<\/p>\n","protected":false},"author":2,"featured_media":2126,"parent":0,"menu_order":0,"comment_status":"closed","ping_status":"closed","template":"apie-mus-template.php","meta":{"_acf_changed":false,"footnotes":""},"class_list":["post-369","page","type-page","status-publish","has-post-thumbnail","hentry"],"acf":[],"yoast_head":"<!-- This site is optimized with the Yoast SEO Premium plugin v27.1 (Yoast SEO v27.1.1) - https:\/\/yoast.com\/product\/yoast-seo-premium-wordpress\/ -->\n<title>Qualifizierte Trockenbauerbeiter - Altbausanierung - HireLabasBau DE<\/title>\n<meta name=\"description\" content=\"Trockenbauerbeiter - Altbausanierung -Top Qualit\u00e4t bei jedem Bauvorhaben \u2013 zu einem g\u00fcnstigen Preis. F\u00fcr Kunden HireLabasBau DE\" \/>\n<meta name=\"robots\" content=\"index, follow, max-snippet:-1, max-image-preview:large, max-video-preview:-1\" \/>\n<link rel=\"canonical\" href=\"https:\/\/hirelabasbau.lt\/de\/fur-kunden\/\" \/>\n<meta property=\"og:locale\" content=\"en_US\" \/>\n<meta property=\"og:type\" content=\"article\" \/>\n<meta property=\"og:title\" content=\"F\u00fcr Kunden\" \/>\n<meta property=\"og:description\" content=\"Trockenbauerbeiter - Altbausanierung -Top Qualit\u00e4t bei jedem Bauvorhaben \u2013 zu einem g\u00fcnstigen Preis. F\u00fcr Kunden HireLabasBau DE\" \/>\n<meta property=\"og:url\" content=\"https:\/\/hirelabasbau.lt\/de\/fur-kunden\/\" \/>\n<meta property=\"og:site_name\" content=\"HireLabasBau DE\" \/>\n<meta property=\"article:modified_time\" content=\"2020-11-08T14:40:59+00:00\" \/>\n<meta property=\"og:image\" content=\"https:\/\/hirelabasbau.lt\/de\/wp-content\/uploads\/sites\/101\/2020\/10\/rsz_depositphotos_30796743_s-2019.jpg\" \/>\n\t<meta property=\"og:image:width\" content=\"354\" \/>\n\t<meta property=\"og:image:height\" content=\"501\" \/>\n\t<meta property=\"og:image:type\" content=\"image\/jpeg\" \/>\n<meta name=\"twitter:card\" content=\"summary_large_image\" \/>\n<script type=\"application\/ld+json\" class=\"yoast-schema-graph\">{\"@context\":\"https:\/\/schema.org\",\"@graph\":[{\"@type\":\"WebPage\",\"@id\":\"https:\/\/hirelabasbau.lt\/de\/fur-kunden\/\",\"url\":\"https:\/\/hirelabasbau.lt\/de\/fur-kunden\/\",\"name\":\"Qualifizierte Trockenbauerbeiter - Altbausanierung - HireLabasBau DE\",\"isPartOf\":{\"@id\":\"https:\/\/hirelabasbau.lt\/de\/#website\"},\"primaryImageOfPage\":{\"@id\":\"https:\/\/hirelabasbau.lt\/de\/fur-kunden\/#primaryimage\"},\"image\":{\"@id\":\"https:\/\/hirelabasbau.lt\/de\/fur-kunden\/#primaryimage\"},\"thumbnailUrl\":\"https:\/\/hirelabasbau.lt\/de\/wp-content\/uploads\/sites\/101\/2020\/10\/rsz_depositphotos_30796743_s-2019.jpg\",\"datePublished\":\"2017-07-05T12:28:30+00:00\",\"dateModified\":\"2020-11-08T14:40:59+00:00\",\"description\":\"Trockenbauerbeiter - Altbausanierung -Top Qualit\u00e4t bei jedem Bauvorhaben \u2013 zu einem g\u00fcnstigen Preis. F\u00fcr Kunden HireLabasBau DE\",\"inLanguage\":\"en-US\",\"potentialAction\":[{\"@type\":\"ReadAction\",\"target\":[\"https:\/\/hirelabasbau.lt\/de\/fur-kunden\/\"]}]},{\"@type\":\"ImageObject\",\"inLanguage\":\"en-US\",\"@id\":\"https:\/\/hirelabasbau.lt\/de\/fur-kunden\/#primaryimage\",\"url\":\"https:\/\/hirelabasbau.lt\/de\/wp-content\/uploads\/sites\/101\/2020\/10\/rsz_depositphotos_30796743_s-2019.jpg\",\"contentUrl\":\"https:\/\/hirelabasbau.lt\/de\/wp-content\/uploads\/sites\/101\/2020\/10\/rsz_depositphotos_30796743_s-2019.jpg\",\"width\":354,\"height\":501,\"caption\":\"Trockenbauarbeiten\"},{\"@type\":\"WebSite\",\"@id\":\"https:\/\/hirelabasbau.lt\/de\/#website\",\"url\":\"https:\/\/hirelabasbau.lt\/de\/\",\"name\":\"HireLabasBau DE\",\"description\":\"Innenarbeiten-Trockenbau-Maler\",\"publisher\":{\"@id\":\"https:\/\/hirelabasbau.lt\/de\/#organization\"},\"potentialAction\":[{\"@type\":\"SearchAction\",\"target\":{\"@type\":\"EntryPoint\",\"urlTemplate\":\"https:\/\/hirelabasbau.lt\/de\/?s={search_term_string}\"},\"query-input\":{\"@type\":\"PropertyValueSpecification\",\"valueRequired\":true,\"valueName\":\"search_term_string\"}}],\"inLanguage\":\"en-US\"},{\"@type\":\"Organization\",\"@id\":\"https:\/\/hirelabasbau.lt\/de\/#organization\",\"name\":\"HireLabasBau DE\",\"url\":\"https:\/\/hirelabasbau.lt\/de\/\",\"logo\":{\"@type\":\"ImageObject\",\"inLanguage\":\"en-US\",\"@id\":\"https:\/\/hirelabasbau.lt\/de\/#\/schema\/logo\/image\/\",\"url\":\"https:\/\/hirelabasbau.lt\/de\/wp-content\/uploads\/sites\/101\/2020\/10\/cropped-Smaller-1-1.png\",\"contentUrl\":\"https:\/\/hirelabasbau.lt\/de\/wp-content\/uploads\/sites\/101\/2020\/10\/cropped-Smaller-1-1.png\",\"width\":474,\"height\":319,\"caption\":\"HireLabasBau DE\"},\"image\":{\"@id\":\"https:\/\/hirelabasbau.lt\/de\/#\/schema\/logo\/image\/\"}}]}<\/script>\n<!-- \/ Yoast SEO Premium plugin. -->","yoast_head_json":{"title":"Qualifizierte Trockenbauerbeiter - Altbausanierung - HireLabasBau DE","description":"Trockenbauerbeiter - Altbausanierung -Top Qualit\u00e4t bei jedem Bauvorhaben \u2013 zu einem g\u00fcnstigen Preis. F\u00fcr Kunden HireLabasBau DE","robots":{"index":"index","follow":"follow","max-snippet":"max-snippet:-1","max-image-preview":"max-image-preview:large","max-video-preview":"max-video-preview:-1"},"canonical":"https:\/\/hirelabasbau.lt\/de\/fur-kunden\/","og_locale":"en_US","og_type":"article","og_title":"F\u00fcr Kunden","og_description":"Trockenbauerbeiter - Altbausanierung -Top Qualit\u00e4t bei jedem Bauvorhaben \u2013 zu einem g\u00fcnstigen Preis. F\u00fcr Kunden HireLabasBau DE","og_url":"https:\/\/hirelabasbau.lt\/de\/fur-kunden\/","og_site_name":"HireLabasBau DE","article_modified_time":"2020-11-08T14:40:59+00:00","og_image":[{"width":354,"height":501,"url":"https:\/\/hirelabasbau.lt\/de\/wp-content\/uploads\/sites\/101\/2020\/10\/rsz_depositphotos_30796743_s-2019.jpg","type":"image\/jpeg"}],"twitter_card":"summary_large_image","schema":{"@context":"https:\/\/schema.org","@graph":[{"@type":"WebPage","@id":"https:\/\/hirelabasbau.lt\/de\/fur-kunden\/","url":"https:\/\/hirelabasbau.lt\/de\/fur-kunden\/","name":"Qualifizierte Trockenbauerbeiter - Altbausanierung - HireLabasBau DE","isPartOf":{"@id":"https:\/\/hirelabasbau.lt\/de\/#website"},"primaryImageOfPage":{"@id":"https:\/\/hirelabasbau.lt\/de\/fur-kunden\/#primaryimage"},"image":{"@id":"https:\/\/hirelabasbau.lt\/de\/fur-kunden\/#primaryimage"},"thumbnailUrl":"https:\/\/hirelabasbau.lt\/de\/wp-content\/uploads\/sites\/101\/2020\/10\/rsz_depositphotos_30796743_s-2019.jpg","datePublished":"2017-07-05T12:28:30+00:00","dateModified":"2020-11-08T14:40:59+00:00","description":"Trockenbauerbeiter - Altbausanierung -Top Qualit\u00e4t bei jedem Bauvorhaben \u2013 zu einem g\u00fcnstigen Preis. F\u00fcr Kunden HireLabasBau DE","inLanguage":"en-US","potentialAction":[{"@type":"ReadAction","target":["https:\/\/hirelabasbau.lt\/de\/fur-kunden\/"]}]},{"@type":"ImageObject","inLanguage":"en-US","@id":"https:\/\/hirelabasbau.lt\/de\/fur-kunden\/#primaryimage","url":"https:\/\/hirelabasbau.lt\/de\/wp-content\/uploads\/sites\/101\/2020\/10\/rsz_depositphotos_30796743_s-2019.jpg","contentUrl":"https:\/\/hirelabasbau.lt\/de\/wp-content\/uploads\/sites\/101\/2020\/10\/rsz_depositphotos_30796743_s-2019.jpg","width":354,"height":501,"caption":"Trockenbauarbeiten"},{"@type":"WebSite","@id":"https:\/\/hirelabasbau.lt\/de\/#website","url":"https:\/\/hirelabasbau.lt\/de\/","name":"HireLabasBau DE","description":"Innenarbeiten-Trockenbau-Maler","publisher":{"@id":"https:\/\/hirelabasbau.lt\/de\/#organization"},"potentialAction":[{"@type":"SearchAction","target":{"@type":"EntryPoint","urlTemplate":"https:\/\/hirelabasbau.lt\/de\/?s={search_term_string}"},"query-input":{"@type":"PropertyValueSpecification","valueRequired":true,"valueName":"search_term_string"}}],"inLanguage":"en-US"},{"@type":"Organization","@id":"https:\/\/hirelabasbau.lt\/de\/#organization","name":"HireLabasBau DE","url":"https:\/\/hirelabasbau.lt\/de\/","logo":{"@type":"ImageObject","inLanguage":"en-US","@id":"https:\/\/hirelabasbau.lt\/de\/#\/schema\/logo\/image\/","url":"https:\/\/hirelabasbau.lt\/de\/wp-content\/uploads\/sites\/101\/2020\/10\/cropped-Smaller-1-1.png","contentUrl":"https:\/\/hirelabasbau.lt\/de\/wp-content\/uploads\/sites\/101\/2020\/10\/cropped-Smaller-1-1.png","width":474,"height":319,"caption":"HireLabasBau DE"},"image":{"@id":"https:\/\/hirelabasbau.lt\/de\/#\/schema\/logo\/image\/"}}]}},"_links":{"self":[{"href":"https:\/\/hirelabasbau.lt\/de\/wp-json\/wp\/v2\/pages\/369","targetHints":{"allow":["GET"]}}],"collection":[{"href":"https:\/\/hirelabasbau.lt\/de\/wp-json\/wp\/v2\/pages"}],"about":[{"href":"https:\/\/hirelabasbau.lt\/de\/wp-json\/wp\/v2\/types\/page"}],"author":[{"embeddable":true,"href":"https:\/\/hirelabasbau.lt\/de\/wp-json\/wp\/v2\/users\/2"}],"replies":[{"embeddable":true,"href":"https:\/\/hirelabasbau.lt\/de\/wp-json\/wp\/v2\/comments?post=369"}],"version-history":[{"count":51,"href":"https:\/\/hirelabasbau.lt\/de\/wp-json\/wp\/v2\/pages\/369\/revisions"}],"predecessor-version":[{"id":2351,"href":"https:\/\/hirelabasbau.lt\/de\/wp-json\/wp\/v2\/pages\/369\/revisions\/2351"}],"wp:featuredmedia":[{"embeddable":true,"href":"https:\/\/hirelabasbau.lt\/de\/wp-json\/wp\/v2\/media\/2126"}],"wp:attachment":[{"href":"https:\/\/hirelabasbau.lt\/de\/wp-json\/wp\/v2\/media?parent=369"}],"curies":[{"name":"wp","href":"https:\/\/api.w.org\/{rel}","templated":true}]}}