{"id":870,"date":"2018-02-22T07:22:41","date_gmt":"2018-02-22T09:22:41","guid":{"rendered":"http:\/\/vgm.1ba.myftpupload.com\/de\/?page_id=870"},"modified":"2023-03-24T10:02:22","modified_gmt":"2023-03-24T12:02:22","slug":"leistungen","status":"publish","type":"page","link":"https:\/\/hirelabasbau.lt\/de\/leistungen\/","title":{"rendered":"Leistungen"},"content":{"rendered":"<h3><strong>Trockenbauarbeiten<\/strong><\/h3>\n<p>Die Arbeiten im Trockenbau sind bei jeder Wohnung, Haus oder Geb\u00e4ude essenziell. Bekanntlich werden beim Trockenbau vorgefertigte Bauteile zusammengef\u00fcgt, damit die Arbeiten praktisch ohne M\u00fche und Hindernisse durchgef\u00fchrt werden k\u00f6nnen. Arbeiten an Decken, W\u00e4nden oder Fussb\u00f6den werden so erleichtert.<\/p>\n<p>Auch bei sanit\u00e4r Anlagen wie der Sanit\u00e4r-Renovierung sind die Trockenbauten enorm wichtig.<\/p>\n<p>Unter diese Aufgaben fallen zum Beispiel:<\/p>\n<ul>\n<li>Wandplatten wasserdicht machen<\/li>\n<li>Fugen schleifen<\/li>\n<li>Sanit\u00e4re Anlagen verdichten<\/li>\n<li>Anlagen Sanieren und Isolieren<\/li>\n<li>Und vieles mehr!<\/li>\n<\/ul>\n<p>Auch der Schallschutz und W\u00e4rmed\u00e4mmungen k\u00f6nnen bei Trockenbauarbeiten ganz einfach verbaut werden. Wie Sie sehen, sind die M\u00f6glichkeiten hierbei grenzenlos \u2013 ganz abgesehen davon, was das Bad renovieren Kostet \u2013 mit unserem komplett Paket haben Sie stets ein gutes Preis- und Leistungsverh\u00e4ltnis.<\/p>\n<p><em>Wir m\u00f6chten noch anmerken, dass diese Trockenbauten keine tragenden Elemente beim Hausbau sind!<\/em><\/p>\n<p>Neben dem Hausbau, Renovierungen und Sanierungen, ist der Trockenbau auch bei anderen Aufgaben sehr gut geeignet. Auch f\u00fcr Aussenarbeiten an Geb\u00e4uden, egal ob privat oder in der Industrie, ist diese L\u00f6sung ideal f\u00fcr eine seri\u00f6se und komplette Arbeit.<\/p>\n<p>Da uns bewusst ist, dass solche Arbeiten sehr teuer werden k\u00f6nnen \u2013 gerade bei Deutschen L\u00f6hnen \u2013 kann es sich durchaus f\u00fcr Sie Lohnen, dass Sie sich auf unser professionelles Personal aus Litauen verlassen, welche die Arbeit genauso gut oder noch besser \u2013 f\u00fcr einen fairen Preis abschliessen. Unsere hohe Flexibilit\u00e4t beim Haus Renovieren, Bad Sanieren oder Wohnung Renovieren kommt Ihnen zugute.<\/p>\n<h3><strong>Maler- und Tapezierarbeiten<\/strong><\/h3>\n<p>Malerarbeiten und Tapezierarbeiten haben eine sehr hohe Nachfrage. Egal ob beim Neubau oder beim Renovieren: Qualit\u00e4t, Effizienz und Professionalit\u00e4t bei der Ausf\u00fchrung, sind Dinge, wonach die Kunden suchen. Verarbeitung von Putz, das Auftragen von Farbe oder das Tapezieren sollte deshalb auch von Profis \u00fcbernommen werden.<\/p>\n<p>Stellen Sie sich vor, Sie m\u00f6chten die K\u00fcche renovieren \u2013 wie soll man nun das ganze Tapezieren und was wird das Tapezieren kosten? Die ganze Projektierung von Anfang bis zur Durchf\u00fchrung am Schluss kann ein ganz sch\u00f6n aufw\u00e4ndiger Prozess sein. Dann stellt sich noch die Frage, ob man die Decke tapezieren sollte. Um ein Chaos in dieser Hinsicht zu vermeiden, haben wir genau das richtige f\u00fcr Sie im Angebot und beantworten zugleich die wichtigsten Fragen, die bei Malerarbeiten und Tapezierarbeiten aufkommen k\u00f6nnten.<\/p>\n<p>Mit unserem Unternehmen k\u00f6nnen wir Ihnen von Anfang an zur Hand gehen und diese schwierige Aufgabe mit allen Sicherheitsbestimmungen und Vorgaben \u00fcbernehmen. Im Gegensatz zu \u00fcberteuerten Tapezierern aus Deutschland, bieten wir die kosteng\u00fcnstigere Alternative bei gleichbleibender Qualit\u00e4t der Arbeit. Wir k\u00f6nnen Ihnen dabei helfen, die richtigen Mitarbeiter f\u00fcr Ihre n\u00e4chste Tapezierung oder f\u00fcr anfallende Malerarbeiten zu finden.<\/p>\n<h3><strong>Renovieren<\/strong><\/h3>\n<p>Eine Renovierung vorzunehmen macht in vielen F\u00e4llen Sinn, wenn die Wohnanlage schon etwas \u00e4lter ist. Bei der Renovierung handelt es sich um die Erneuerung oder Versch\u00f6nerung innerhalb einer Wohnung oder eines Hauses \u2013 auch Firmengeb\u00e4ude k\u00f6nnen renoviert werden. Die Renovation bedeutet aber nicht immer, dass auch alles renoviert wird, oft kann man auch nur einzelne Abschnitte renovieren.<\/p>\n<p>Ob Sie nun das Bad renovieren, das Haus renovieren oder eine Treppen Renovierung vornehmen \u2013 auf eine professionelle Durchf\u00fchrung darf man nicht verzichten. Wenn Sie das Aussehen Ihres Wohnraumes nachhaltig renovieren m\u00f6chten, dann lohnt es sich, ein professionelles Handwerker Team, welches geschult f\u00fcr diese Aufgabe ist, beizuziehen. Auch wenn man nur die Treppenstufen renovieren oder die K\u00fcche renovieren m\u00f6chte, sollte man dabei nicht in die Kostenfalle tappen. Manche deutsche Handwerker k\u00f6nnen in diesem Fall extrem teuer werden, so dass Sie sich am Schluss mehr \u00fcber die Kosten aufregen, als Freude \u00fcber das renovierte Haus haben.<\/p>\n<p>Aus diesem Grund sollte Sie dar\u00fcber nachdenken, professionelles Personal zum Renovieren aus dem Ausland \u2013 Litauen \u2013 beizuziehen. Wir helfen Ihnen dabei das richtige Personal f\u00fcr die Renovationsaufgaben zu finden, ohne dass Sie daf\u00fcr ein Verm\u00f6gen bezahlen m\u00fcssen.<\/p>\n<p>Diese erledigen dann die Aufgaben effizient und seri\u00f6s, wie bei jedem anderen Profi auch \u2013 ohne die teuren Extrakosten, die dabei entstehen k\u00f6nnen. Somit haben Sie mehr Geld, um andere Arbeiten an Ihrem Haus wie Sanierungen oder Malerarbeiten durchzuf\u00fchren.<\/p>\n<h4><strong>Innenausbau<\/strong><\/h4>\n<p>Wenn ein Geb\u00e4ude gebaut wird, dann ist der Innenausbau Pflicht. Mit dem Innenausbau sorgt man daf\u00fcr, dass z.B. die K\u00fcche eingebaut wird, die Sanit\u00e4ranlagen montiert werden, Treppe schleifen oder auch die Malerarbeiten durchgef\u00fchrt werden (Tapezierarbeiten). Auch die Elektroinstallation geh\u00f6rt zu der Kategorie \u00abInnenausbau\u00bb. Zum Innenausbau geh\u00f6rt auch das Verputzen von W\u00e4nden, oder sogar das Verschieben von W\u00e4nden \u2013 was nat\u00fcrlich nur mit entsprechenden Baumaschinen m\u00f6glich ist.<\/p>\n<p>Beim Innenausbau muss man auf viele Dinge achten und kann deshalb nicht einfach so \u00abmal loslegen\u00bb. Es braucht Planung und gewisse Fachkenntnisse. Aus diesem Grund ist es fast ausgeschlossen, dass ein Laie den Innenausbau \u00fcbernehmen kann. Verzichten Sie deshalb nicht auf das Knowhow von Fachpersonen, Profis, welche auf diesem Gebiet eine Jahrelange Erfahrung bieten k\u00f6nnen. Uns ist auch durchaus bewusst, dass diese Arbeiten bei Handwerkern und Bauarbeitern in Deutschland zu buchen, sehr teuer werden kann. Wir finden deshalb, dass Sie sich deshalb auch bei ausl\u00e4ndischem Fachpersonal erkundigen k\u00f6nnen. Sie werden sehen, dass die Arbeit genau gleich gut ist, der Preis aber um einiges tiefer. Wir bieten Ihnen deshalb Hilfe in dieser Angelegenheit. Mit den Fachpersonen aus Litauen, sparen Sie nicht nur Geld, sondern auch Nerven und auch Zeit.<\/p>\n","protected":false},"excerpt":{"rendered":"<p>Trockenbauarbeiten Die Arbeiten im Trockenbau sind bei jeder Wohnung, Haus oder Geb\u00e4ude essenziell. Bekanntlich werden beim Trockenbau vorgefertigte Bauteile zusammengef\u00fcgt, damit die Arbeiten praktisch ohne M\u00fche und Hindernisse durchgef\u00fchrt werden k\u00f6nnen. Arbeiten an Decken, W\u00e4nden oder Fussb\u00f6den werden so erleichtert. Auch bei sanit\u00e4r Anlagen wie der Sanit\u00e4r-Renovierung sind die Trockenbauten enorm wichtig. Unter diese Aufgaben [&hellip;]<\/p>\n","protected":false},"author":2,"featured_media":2135,"parent":0,"menu_order":0,"comment_status":"closed","ping_status":"closed","template":"darbdaviams-template-without-image.php","meta":{"_acf_changed":false,"footnotes":""},"class_list":["post-870","page","type-page","status-publish","has-post-thumbnail","hentry"],"acf":[],"yoast_head":"<!-- This site is optimized with the Yoast SEO Premium plugin v27.1 (Yoast SEO v27.1.1) - https:\/\/yoast.com\/product\/yoast-seo-premium-wordpress\/ -->\n<title>Das Renovieren - ist eines der Lieblingsbesch\u00e4ftigungen der Deutschen<\/title>\n<meta name=\"description\" content=\"Das Renovieren ist eines der Lieblingsbesch\u00e4ftigungen der Deutschen. Ob das eigene Wohnheim, im Hotel, der Verkaufsladen oder das B\u00fcro\" \/>\n<meta name=\"robots\" content=\"index, follow, max-snippet:-1, max-image-preview:large, max-video-preview:-1\" \/>\n<link rel=\"canonical\" href=\"https:\/\/hirelabasbau.lt\/de\/leistungen\/\" \/>\n<meta property=\"og:locale\" content=\"en_US\" \/>\n<meta property=\"og:type\" content=\"article\" \/>\n<meta property=\"og:title\" content=\"Leistungen\" \/>\n<meta property=\"og:description\" content=\"Das Renovieren ist eines der Lieblingsbesch\u00e4ftigungen der Deutschen. Ob das eigene Wohnheim, im Hotel, der Verkaufsladen oder das B\u00fcro\" \/>\n<meta property=\"og:url\" content=\"https:\/\/hirelabasbau.lt\/de\/leistungen\/\" \/>\n<meta property=\"og:site_name\" content=\"HireLabasBau DE\" \/>\n<meta property=\"article:modified_time\" content=\"2023-03-24T12:02:22+00:00\" \/>\n<meta property=\"og:image\" content=\"https:\/\/hirelabasbau.lt\/de\/wp-content\/uploads\/sites\/101\/2020\/10\/rsz_depositphotos_72084155_s-2019.jpg\" \/>\n\t<meta property=\"og:image:width\" content=\"500\" \/>\n\t<meta property=\"og:image:height\" content=\"334\" \/>\n\t<meta property=\"og:image:type\" content=\"image\/jpeg\" \/>\n<meta name=\"twitter:card\" content=\"summary_large_image\" \/>\n<meta name=\"twitter:label1\" content=\"Est. reading time\" \/>\n\t<meta name=\"twitter:data1\" content=\"4 minutes\" \/>\n<script type=\"application\/ld+json\" class=\"yoast-schema-graph\">{\"@context\":\"https:\/\/schema.org\",\"@graph\":[{\"@type\":\"WebPage\",\"@id\":\"https:\/\/hirelabasbau.lt\/de\/leistungen\/\",\"url\":\"https:\/\/hirelabasbau.lt\/de\/leistungen\/\",\"name\":\"Das Renovieren - ist eines der Lieblingsbesch\u00e4ftigungen der Deutschen\",\"isPartOf\":{\"@id\":\"https:\/\/hirelabasbau.lt\/de\/#website\"},\"primaryImageOfPage\":{\"@id\":\"https:\/\/hirelabasbau.lt\/de\/leistungen\/#primaryimage\"},\"image\":{\"@id\":\"https:\/\/hirelabasbau.lt\/de\/leistungen\/#primaryimage\"},\"thumbnailUrl\":\"https:\/\/hirelabasbau.lt\/de\/wp-content\/uploads\/sites\/101\/2020\/10\/rsz_depositphotos_72084155_s-2019.jpg\",\"datePublished\":\"2018-02-22T09:22:41+00:00\",\"dateModified\":\"2023-03-24T12:02:22+00:00\",\"description\":\"Das Renovieren ist eines der Lieblingsbesch\u00e4ftigungen der Deutschen. Ob das eigene Wohnheim, im Hotel, der Verkaufsladen oder das B\u00fcro\",\"inLanguage\":\"en-US\",\"potentialAction\":[{\"@type\":\"ReadAction\",\"target\":[\"https:\/\/hirelabasbau.lt\/de\/leistungen\/\"]}]},{\"@type\":\"ImageObject\",\"inLanguage\":\"en-US\",\"@id\":\"https:\/\/hirelabasbau.lt\/de\/leistungen\/#primaryimage\",\"url\":\"https:\/\/hirelabasbau.lt\/de\/wp-content\/uploads\/sites\/101\/2020\/10\/rsz_depositphotos_72084155_s-2019.jpg\",\"contentUrl\":\"https:\/\/hirelabasbau.lt\/de\/wp-content\/uploads\/sites\/101\/2020\/10\/rsz_depositphotos_72084155_s-2019.jpg\",\"width\":500,\"height\":334,\"caption\":\"Home renovation in room full of painting tools\"},{\"@type\":\"WebSite\",\"@id\":\"https:\/\/hirelabasbau.lt\/de\/#website\",\"url\":\"https:\/\/hirelabasbau.lt\/de\/\",\"name\":\"HireLabasBau DE\",\"description\":\"Innenarbeiten-Trockenbau-Maler\",\"publisher\":{\"@id\":\"https:\/\/hirelabasbau.lt\/de\/#organization\"},\"potentialAction\":[{\"@type\":\"SearchAction\",\"target\":{\"@type\":\"EntryPoint\",\"urlTemplate\":\"https:\/\/hirelabasbau.lt\/de\/?s={search_term_string}\"},\"query-input\":{\"@type\":\"PropertyValueSpecification\",\"valueRequired\":true,\"valueName\":\"search_term_string\"}}],\"inLanguage\":\"en-US\"},{\"@type\":\"Organization\",\"@id\":\"https:\/\/hirelabasbau.lt\/de\/#organization\",\"name\":\"HireLabasBau DE\",\"url\":\"https:\/\/hirelabasbau.lt\/de\/\",\"logo\":{\"@type\":\"ImageObject\",\"inLanguage\":\"en-US\",\"@id\":\"https:\/\/hirelabasbau.lt\/de\/#\/schema\/logo\/image\/\",\"url\":\"https:\/\/hirelabasbau.lt\/de\/wp-content\/uploads\/sites\/101\/2020\/10\/cropped-Smaller-1-1.png\",\"contentUrl\":\"https:\/\/hirelabasbau.lt\/de\/wp-content\/uploads\/sites\/101\/2020\/10\/cropped-Smaller-1-1.png\",\"width\":474,\"height\":319,\"caption\":\"HireLabasBau DE\"},\"image\":{\"@id\":\"https:\/\/hirelabasbau.lt\/de\/#\/schema\/logo\/image\/\"}}]}<\/script>\n<!-- \/ Yoast SEO Premium plugin. -->","yoast_head_json":{"title":"Das Renovieren - ist eines der Lieblingsbesch\u00e4ftigungen der Deutschen","description":"Das Renovieren ist eines der Lieblingsbesch\u00e4ftigungen der Deutschen. Ob das eigene Wohnheim, im Hotel, der Verkaufsladen oder das B\u00fcro","robots":{"index":"index","follow":"follow","max-snippet":"max-snippet:-1","max-image-preview":"max-image-preview:large","max-video-preview":"max-video-preview:-1"},"canonical":"https:\/\/hirelabasbau.lt\/de\/leistungen\/","og_locale":"en_US","og_type":"article","og_title":"Leistungen","og_description":"Das Renovieren ist eines der Lieblingsbesch\u00e4ftigungen der Deutschen. Ob das eigene Wohnheim, im Hotel, der Verkaufsladen oder das B\u00fcro","og_url":"https:\/\/hirelabasbau.lt\/de\/leistungen\/","og_site_name":"HireLabasBau DE","article_modified_time":"2023-03-24T12:02:22+00:00","og_image":[{"width":500,"height":334,"url":"https:\/\/hirelabasbau.lt\/de\/wp-content\/uploads\/sites\/101\/2020\/10\/rsz_depositphotos_72084155_s-2019.jpg","type":"image\/jpeg"}],"twitter_card":"summary_large_image","twitter_misc":{"Est. reading time":"4 minutes"},"schema":{"@context":"https:\/\/schema.org","@graph":[{"@type":"WebPage","@id":"https:\/\/hirelabasbau.lt\/de\/leistungen\/","url":"https:\/\/hirelabasbau.lt\/de\/leistungen\/","name":"Das Renovieren - ist eines der Lieblingsbesch\u00e4ftigungen der Deutschen","isPartOf":{"@id":"https:\/\/hirelabasbau.lt\/de\/#website"},"primaryImageOfPage":{"@id":"https:\/\/hirelabasbau.lt\/de\/leistungen\/#primaryimage"},"image":{"@id":"https:\/\/hirelabasbau.lt\/de\/leistungen\/#primaryimage"},"thumbnailUrl":"https:\/\/hirelabasbau.lt\/de\/wp-content\/uploads\/sites\/101\/2020\/10\/rsz_depositphotos_72084155_s-2019.jpg","datePublished":"2018-02-22T09:22:41+00:00","dateModified":"2023-03-24T12:02:22+00:00","description":"Das Renovieren ist eines der Lieblingsbesch\u00e4ftigungen der Deutschen. Ob das eigene Wohnheim, im Hotel, der Verkaufsladen oder das B\u00fcro","inLanguage":"en-US","potentialAction":[{"@type":"ReadAction","target":["https:\/\/hirelabasbau.lt\/de\/leistungen\/"]}]},{"@type":"ImageObject","inLanguage":"en-US","@id":"https:\/\/hirelabasbau.lt\/de\/leistungen\/#primaryimage","url":"https:\/\/hirelabasbau.lt\/de\/wp-content\/uploads\/sites\/101\/2020\/10\/rsz_depositphotos_72084155_s-2019.jpg","contentUrl":"https:\/\/hirelabasbau.lt\/de\/wp-content\/uploads\/sites\/101\/2020\/10\/rsz_depositphotos_72084155_s-2019.jpg","width":500,"height":334,"caption":"Home renovation in room full of painting tools"},{"@type":"WebSite","@id":"https:\/\/hirelabasbau.lt\/de\/#website","url":"https:\/\/hirelabasbau.lt\/de\/","name":"HireLabasBau DE","description":"Innenarbeiten-Trockenbau-Maler","publisher":{"@id":"https:\/\/hirelabasbau.lt\/de\/#organization"},"potentialAction":[{"@type":"SearchAction","target":{"@type":"EntryPoint","urlTemplate":"https:\/\/hirelabasbau.lt\/de\/?s={search_term_string}"},"query-input":{"@type":"PropertyValueSpecification","valueRequired":true,"valueName":"search_term_string"}}],"inLanguage":"en-US"},{"@type":"Organization","@id":"https:\/\/hirelabasbau.lt\/de\/#organization","name":"HireLabasBau DE","url":"https:\/\/hirelabasbau.lt\/de\/","logo":{"@type":"ImageObject","inLanguage":"en-US","@id":"https:\/\/hirelabasbau.lt\/de\/#\/schema\/logo\/image\/","url":"https:\/\/hirelabasbau.lt\/de\/wp-content\/uploads\/sites\/101\/2020\/10\/cropped-Smaller-1-1.png","contentUrl":"https:\/\/hirelabasbau.lt\/de\/wp-content\/uploads\/sites\/101\/2020\/10\/cropped-Smaller-1-1.png","width":474,"height":319,"caption":"HireLabasBau DE"},"image":{"@id":"https:\/\/hirelabasbau.lt\/de\/#\/schema\/logo\/image\/"}}]}},"_links":{"self":[{"href":"https:\/\/hirelabasbau.lt\/de\/wp-json\/wp\/v2\/pages\/870","targetHints":{"allow":["GET"]}}],"collection":[{"href":"https:\/\/hirelabasbau.lt\/de\/wp-json\/wp\/v2\/pages"}],"about":[{"href":"https:\/\/hirelabasbau.lt\/de\/wp-json\/wp\/v2\/types\/page"}],"author":[{"embeddable":true,"href":"https:\/\/hirelabasbau.lt\/de\/wp-json\/wp\/v2\/users\/2"}],"replies":[{"embeddable":true,"href":"https:\/\/hirelabasbau.lt\/de\/wp-json\/wp\/v2\/comments?post=870"}],"version-history":[{"count":62,"href":"https:\/\/hirelabasbau.lt\/de\/wp-json\/wp\/v2\/pages\/870\/revisions"}],"predecessor-version":[{"id":2259,"href":"https:\/\/hirelabasbau.lt\/de\/wp-json\/wp\/v2\/pages\/870\/revisions\/2259"}],"wp:featuredmedia":[{"embeddable":true,"href":"https:\/\/hirelabasbau.lt\/de\/wp-json\/wp\/v2\/media\/2135"}],"wp:attachment":[{"href":"https:\/\/hirelabasbau.lt\/de\/wp-json\/wp\/v2\/media?parent=870"}],"curies":[{"name":"wp","href":"https:\/\/api.w.org\/{rel}","templated":true}]}}